{"id":240,"date":"2025-10-15T11:02:28","date_gmt":"2025-10-15T09:02:28","guid":{"rendered":"http:\/\/katolicka-gimnazija.hr\/?page_id=240"},"modified":"2025-11-03T19:51:40","modified_gmt":"2025-11-03T18:51:40","slug":"raspored-informacija","status":"publish","type":"page","link":"https:\/\/katolicka-gimnazija.hr\/index.php\/raspored-informacija\/","title":{"rendered":"Raspored informacija 2025.\/2026."},"content":{"rendered":"<p>Zbornica \u0161kole: 034\/312-095<\/p>\n<div class=\"su-spoiler su-spoiler-style-simple su-spoiler-icon-plus su-spoiler-closed\" data-scroll-offset=\"0\" data-anchor-in-url=\"no\"><div class=\"su-spoiler-title\" tabindex=\"0\" role=\"button\"><span class=\"su-spoiler-icon\"><\/span>1.A RAZRED<\/div><div class=\"su-spoiler-content su-u-clearfix su-u-trim\"> MARIJA TONKOVI\u0106, prof. (zamjenik LEONARDO \u0110AKOVI\u0106) &#8211; utorkom od 11:35 do 12:20 <\/div><\/div>\n<div class=\"su-spoiler su-spoiler-style-simple su-spoiler-icon-plus su-spoiler-closed\" data-scroll-offset=\"0\" data-anchor-in-url=\"no\"><div class=\"su-spoiler-title\" tabindex=\"0\" role=\"button\"><span class=\"su-spoiler-icon\"><\/span>1.B RAZRED<\/div><div class=\"su-spoiler-content su-u-clearfix su-u-trim\"> IVANA BUDI\u0106, prof. (zamjenica NIKOLINA BODOLOVI\u0106) &#8211; \u010detvrtkom od 8:50 do 9:35 <\/div><\/div>\n<div class=\"su-spoiler su-spoiler-style-simple su-spoiler-icon-plus su-spoiler-closed\" data-scroll-offset=\"0\" data-anchor-in-url=\"no\"><div class=\"su-spoiler-title\" tabindex=\"0\" role=\"button\"><span class=\"su-spoiler-icon\"><\/span>2.A RAZRED<\/div><div class=\"su-spoiler-content su-u-clearfix su-u-trim\"> MARIJANA \u0106ORLUKA, prof. (zamjenik MARKO GERENDAJ) &#8211; \u010detvrtkom od 9:55 do 10:40 <\/div><\/div>\n<div class=\"su-spoiler su-spoiler-style-simple su-spoiler-icon-plus su-spoiler-closed\" data-scroll-offset=\"0\" data-anchor-in-url=\"no\"><div class=\"su-spoiler-title\" tabindex=\"0\" role=\"button\"><span class=\"su-spoiler-icon\"><\/span>2.B RAZRED<\/div><div class=\"su-spoiler-content su-u-clearfix su-u-trim\"> MARIO RAGU\u017d, prof. (zamjenik DOMINIK PAVELI\u0106) &#8211; \u010detvrtkom od 10:45 do 11:30 <\/div><\/div>\n<div class=\"su-spoiler su-spoiler-style-simple su-spoiler-icon-plus su-spoiler-closed\" data-scroll-offset=\"0\" data-anchor-in-url=\"no\"><div class=\"su-spoiler-title\" tabindex=\"0\" role=\"button\"><span class=\"su-spoiler-icon\"><\/span>3.A RAZRED<\/div><div class=\"su-spoiler-content su-u-clearfix su-u-trim\"> MARTINA FRANJI\u0106, prof. (zamjenica \u017dANA KAJINI\u0106) &#8211; srijedom od 9:55 do 10:40 <\/div><\/div>\n<div class=\"su-spoiler su-spoiler-style-simple su-spoiler-icon-plus su-spoiler-closed\" data-scroll-offset=\"0\" data-anchor-in-url=\"no\"><div class=\"su-spoiler-title\" tabindex=\"0\" role=\"button\"><span class=\"su-spoiler-icon\"><\/span>3.B RAZRED<\/div><div class=\"su-spoiler-content su-u-clearfix su-u-trim\"> IVANA ZOVKO, prof. (zamjenica VERA \u0106U\u017dE-ABRAMOVI\u0106) &#8211; srijedom od 11:30 do 12:20 <\/div><\/div>\n<div class=\"su-spoiler su-spoiler-style-simple su-spoiler-icon-plus su-spoiler-closed\" data-scroll-offset=\"0\" data-anchor-in-url=\"no\"><div class=\"su-spoiler-title\" tabindex=\"0\" role=\"button\"><span class=\"su-spoiler-icon\"><\/span>4.A RAZRED<\/div><div class=\"su-spoiler-content su-u-clearfix su-u-trim\"> SANJA PR\u0160A, prof. (zamjenik JOSIP ALABER) &#8211; utorkom od 9:55 do 10:40 <\/div><\/div>\n<div class=\"su-spoiler su-spoiler-style-simple su-spoiler-icon-plus su-spoiler-closed\" data-scroll-offset=\"0\" data-anchor-in-url=\"no\"><div class=\"su-spoiler-title\" tabindex=\"0\" role=\"button\"><span class=\"su-spoiler-icon\"><\/span>4.B RAZRED<\/div><div class=\"su-spoiler-content su-u-clearfix su-u-trim\"> KATARINA SOLDO OBU\u0106INA, prof. (zamjenik MIROSLAV PAULI\u0106) &#8211; srijedom od 9:55 do 10:40 <\/div><\/div>\n<p>&nbsp;<\/p>\n<p><strong>TERMINI INFORMATIVNIH RAZGOVORA ZA RODITELJE<\/strong><\/p>\n<ul>\n<li>molimo roditelje da se obrate razrednicima prije \u017eeljenog dolaska na informativni razgovor kod predmetnih profesora<\/li>\n<\/ul>\n<table style=\"height: 1148px;\" width=\"613\">\n<tbody>\n<tr>\n<td width=\"208\"><strong>PREDMETNI NASTAVNIK<\/strong><\/td>\n<td width=\"397\"><strong>TERMIN ODR\u017dAVANJA (ZA RODITELJE)<\/strong><\/p>\n<p><strong>DAN I VRIJEME<\/strong><\/td>\n<\/tr>\n<tr>\n<td width=\"208\">JOSIP ALABER<\/td>\n<td width=\"397\">Utorak, 3. sat (9:55 \u2013 10:40)<\/td>\n<\/tr>\n<tr>\n<td width=\"208\">NIKOLINA BODOLOVI\u0106<\/td>\n<td width=\"397\">\u010cetvrtak 4. sat (10:45 \u2013 11:3045)<\/td>\n<\/tr>\n<tr>\n<td width=\"208\">STEFAN BUNJEVAC<\/td>\n<td width=\"397\">Utorak, 4. sat (10:45 \u2013 11:30)<\/td>\n<\/tr>\n<tr>\n<td width=\"208\">MATEJ \u010cI\u010cAK<\/td>\n<td width=\"397\">Petak, 4. sat (10:45 \u2013 11:30)<\/td>\n<\/tr>\n<tr>\n<td width=\"208\">MARKO GERENDAJ<\/td>\n<td width=\"397\">Srijeda, 7. sat (13:15 &#8211; 13:55)<\/td>\n<\/tr>\n<tr>\n<td width=\"208\">VERA \u0106U\u017dE-ABRAMOVI\u0106<\/td>\n<td width=\"397\">Utorak, 4. sat (10:45 \u2013 11:30)<\/td>\n<\/tr>\n<tr>\n<td width=\"208\">LEONARDO \u0110AKOVI\u0106<\/td>\n<td width=\"397\">Srijeda, 3. sat (9:55 &#8211; 10:40)<\/td>\n<\/tr>\n<tr>\n<td width=\"208\">\u017dANA KAJINI\u0106<\/td>\n<td width=\"397\">Utorak, 3. sat (9:55 &#8211; 10:40)<\/td>\n<\/tr>\n<tr>\n<td width=\"208\">EMA MESI\u0106<\/td>\n<td width=\"397\">Ponedjeljak, 3. sat (9:55 \u2013 10:40)<\/td>\n<\/tr>\n<tr>\n<td width=\"208\">MIROSLAV PAULI\u0106<\/td>\n<td width=\"397\">Srijeda, 7. sat (13:15 &#8211; 14:00)<\/td>\n<\/tr>\n<tr>\n<td width=\"208\">DOMINIK PAVELI\u0106<\/td>\n<td width=\"397\">Ponedjeljak, 4. sat (10:45 \u2013 11:30)<\/td>\n<\/tr>\n<tr>\n<td width=\"208\">DANIJELA PIJEVI\u0106<\/td>\n<td width=\"397\">Utorak, 5. sat (11:35 &#8211; 12:20)<\/td>\n<\/tr>\n<tr>\n<td width=\"208\">MILENA \u0160KODA<\/td>\n<td width=\"397\">Ponedjeljak, 4. sat (10:45 \u2013 11:30)<\/td>\n<\/tr>\n<tr>\n<td width=\"208\">LORENA \u0110URINA BENI\u0106<\/td>\n<td width=\"397\">Srijeda, 5. sat (11:35 &#8211; 12:20)<\/td>\n<\/tr>\n<tr>\n<td width=\"208\">IVANA \u0160KRABAL MIJOKOVI\u0106<\/td>\n<td width=\"397\">Petak, 5. sat (11:35 &#8211; 12:20)<\/td>\n<\/tr>\n<tr>\n<td width=\"208\">ANA KRALJ<\/td>\n<td width=\"397\">Srijeda, 5. sat (11:35 &#8211; 12:20)<\/td>\n<\/tr>\n<\/tbody>\n<\/table>\n<p>MATIJA PLASKUR: Utorak, 3. sat (9:55 &#8211; 10:40)<\/p>\n<p>&nbsp;<\/p>\n<p>&nbsp;<\/p>\n","protected":false},"excerpt":{"rendered":"<p>Zbornica \u0161kole: 034\/312-095 &nbsp; TERMINI INFORMATIVNIH RAZGOVORA ZA RODITELJE molimo roditelje da se obrate razrednicima prije \u017eeljenog dolaska na informativni razgovor kod predmetnih profesora PREDMETNI NASTAVNIK TERMIN ODR\u017dAVANJA (ZA RODITELJE) DAN I VRIJEME JOSIP ALABER Utorak, 3. sat (9:55 \u2013 10:40) NIKOLINA BODOLOVI\u0106 \u010cetvrtak 4. sat (10:45 \u2013 11:3045) STEFAN BUNJEVAC Utorak, 4. sat (10:45 [&hellip;]<\/p>\n","protected":false},"author":1,"featured_media":0,"parent":0,"menu_order":0,"comment_status":"closed","ping_status":"closed","template":"","meta":{"footnotes":""},"class_list":["post-240","page","type-page","status-publish","hentry"],"_links":{"self":[{"href":"https:\/\/katolicka-gimnazija.hr\/index.php\/wp-json\/wp\/v2\/pages\/240","targetHints":{"allow":["GET"]}}],"collection":[{"href":"https:\/\/katolicka-gimnazija.hr\/index.php\/wp-json\/wp\/v2\/pages"}],"about":[{"href":"https:\/\/katolicka-gimnazija.hr\/index.php\/wp-json\/wp\/v2\/types\/page"}],"author":[{"embeddable":true,"href":"https:\/\/katolicka-gimnazija.hr\/index.php\/wp-json\/wp\/v2\/users\/1"}],"replies":[{"embeddable":true,"href":"https:\/\/katolicka-gimnazija.hr\/index.php\/wp-json\/wp\/v2\/comments?post=240"}],"version-history":[{"count":36,"href":"https:\/\/katolicka-gimnazija.hr\/index.php\/wp-json\/wp\/v2\/pages\/240\/revisions"}],"predecessor-version":[{"id":33392,"href":"https:\/\/katolicka-gimnazija.hr\/index.php\/wp-json\/wp\/v2\/pages\/240\/revisions\/33392"}],"wp:attachment":[{"href":"https:\/\/katolicka-gimnazija.hr\/index.php\/wp-json\/wp\/v2\/media?parent=240"}],"curies":[{"name":"wp","href":"https:\/\/api.w.org\/{rel}","templated":true}]}}