{"id":24546,"date":"2022-01-17T12:56:29","date_gmt":"2022-01-17T12:56:29","guid":{"rendered":"http:\/\/katolicka-gimnazija.hr\/?page_id=24546"},"modified":"2022-01-17T12:56:29","modified_gmt":"2022-01-17T12:56:29","slug":"skolsko-planinarsko-drustvo-pegaz","status":"publish","type":"page","link":"https:\/\/katolicka-gimnazija.hr\/index.php\/aktivnosti\/skolsko-planinarsko-drustvo-pegaz\/","title":{"rendered":"\u0160kolsko planinarsko dru\u0161tvo Pegaz"},"content":{"rendered":"<p>U dobroj staroj humanisti\u010dkoj vjeri da je u zdravu tijelu i zdrav duh te da se u izravnom doticaju s prirodom, koja je najsavr\u0161eniji odraz Svevi\u0161njega, mladi \u010dovjek preobra\u017eava u ne\u0161to ljep\u0161e i plemenitije 2020. godine osnovali smo \u0161kolsko planinarsko dru\u0161tvo u\u010denika Katoli\u010dke gimnazije s pravom javnosti u Po\u017eegi.<\/p>\n<p><strong>CILJ AKTIVNOSTI\u00a0<\/strong><\/p>\n<ul>\n<li>obilazak najatraktivnijih planinarskih staza gora koje ome\u0111uju Po\u017ee\u0161ku dolinu, prije svega Papuk koji nosi titulu parka prirode<\/li>\n<li>bilje\u017eenje rijetkih, zanimljivih, egzoti\u010dnih biljnih i \u017eivotinjskih vrsta te atraktivnih pejza\u017ea<\/li>\n<li>upoznati hrvatske gore i planine, floru i faunu tih podru\u010dja, geografska i druga obilje\u017eja<\/li>\n<li>razvijanje povezanosti me\u0111u \u010dlanovima, stvaranje pozitivne atmosfere kao temelj ugodnoga i korisnoga dru\u017eenja, stjecanje psihi\u010dkoga i fizi\u010dkoga zdravlja<\/li>\n<li>suradnja s drugim srednjim \u0161kolama iz Hrvatske (T\u0160 Po\u017eega, KKG Virovitica), ali i inozemstva (Vipava), te suradnja s Hrvatskim planinarskim dru\u0161tvom \u201eGojzerica\u201c, Parkom prirode Papuk, Katoli\u010dkim skautima i KO\u0160-om<\/li>\n<li>bilje\u017eenje pohoda u dnevnik Hrvatska planinarska obilaznica<\/li>\n<li>slu\u017ebeni sastanci \u0160PD-a \u201ePegaz\u201c s ciljem unaprje\u0111ivanja rada sekcije, dono\u0161enja prijedloga, planiranja ruta i ostalih doga\u0111aja organizirali bi se u prostorijama \u0161kole najmanje tri puta godi\u0161nje<\/li>\n<li>organizacija najmanje pet jednodnevnih pje\u0161a\u010dkih planinarskih pohoda u godini dana i jedan vi\u0161ednevni<\/li>\n<li>organizacija i provedba Korizmenog planinarskog hodo\u010da\u0161\u0107a u\u010denika i djelatnika Katoli\u010dke gimnazije<\/li>\n<li>izlo\u017eba fotografija s planinarenja<\/li>\n<\/ul>\n<p>&nbsp;<\/p>\n<p><strong>NAMJENA\u00a0\u00a0\u00a0<\/strong><\/p>\n<ul>\n<li>u\u010denici 1. &#8211; 4. razreda<\/li>\n<\/ul>\n<p>&nbsp;<\/p>\n<p><strong>NOSITELJI\u00a0\u00a0\u00a0<\/strong><\/p>\n<ul>\n<li>Miroslav Pauli\u0107, prof.<\/li>\n<li>Dominik Paveli\u0107, prof. (suradnik)<\/li>\n<li>vl\u010d. Krunoslav Siroglavi\u0107, prof. (suradnik i duhovnik)<\/li>\n<\/ul>\n<p>&nbsp;<\/p>\n<p><strong>NA\u010cIN REALIZACIJE<\/strong><\/p>\n<ul>\n<li>obilazak planinarski staza i lokacija po gorama koje okru\u017euju Po\u017ee\u0161ku dolinu<\/li>\n<li>obilazak planinarskih staza diljem Hrvatske i \u0161ire<\/li>\n<li>suradnja s HPS-om, HP \u201eGojzerica\u201c, HP \u201eSokolovac\u201c, Katoli\u010dkim skautima (izvi\u0111a\u010dima) Hrvatske<\/li>\n<li>edukacija \u010dlanova dru\u0161tva<\/li>\n<\/ul>\n<p>&nbsp;<\/p>\n<p><strong>VREMENIK AKTIVNOSTI\u00a0\u00a0<\/strong><\/p>\n<ul>\n<li>kroz cijelu \u0161kolsku godinu<\/li>\n<\/ul>\n<div id='gallery-1' class='gallery galleryid-24546 gallery-columns-3 gallery-size-medium'><figure class='gallery-item'>\n\t\t\t<div class='gallery-icon landscape'>\n\t\t\t\t<a href='https:\/\/katolicka-gimnazija.hr\/wp-content\/uploads\/2022\/01\/1.jpg'><img loading=\"lazy\" decoding=\"async\" width=\"300\" height=\"200\" src=\"https:\/\/katolicka-gimnazija.hr\/wp-content\/uploads\/2022\/01\/1-300x200.jpg\" class=\"attachment-medium size-medium\" alt=\"\" srcset=\"https:\/\/katolicka-gimnazija.hr\/wp-content\/uploads\/2022\/01\/1-300x200.jpg 300w, https:\/\/katolicka-gimnazija.hr\/wp-content\/uploads\/2022\/01\/1-1024x683.jpg 1024w, https:\/\/katolicka-gimnazija.hr\/wp-content\/uploads\/2022\/01\/1-768x512.jpg 768w, https:\/\/katolicka-gimnazija.hr\/wp-content\/uploads\/2022\/01\/1-1536x1024.jpg 1536w, https:\/\/katolicka-gimnazija.hr\/wp-content\/uploads\/2022\/01\/1-400x267.jpg 400w, https:\/\/katolicka-gimnazija.hr\/wp-content\/uploads\/2022\/01\/1.jpg 1920w\" sizes=\"auto, (max-width: 300px) 100vw, 300px\" \/><\/a>\n\t\t\t<\/div><\/figure><figure class='gallery-item'>\n\t\t\t<div class='gallery-icon portrait'>\n\t\t\t\t<a href='https:\/\/katolicka-gimnazija.hr\/wp-content\/uploads\/2022\/01\/86486344_2944944302236918_666896820638580736_n.jpg'><img loading=\"lazy\" decoding=\"async\" width=\"225\" height=\"300\" src=\"https:\/\/katolicka-gimnazija.hr\/wp-content\/uploads\/2022\/01\/86486344_2944944302236918_666896820638580736_n-225x300.jpg\" class=\"attachment-medium size-medium\" alt=\"\" srcset=\"https:\/\/katolicka-gimnazija.hr\/wp-content\/uploads\/2022\/01\/86486344_2944944302236918_666896820638580736_n-225x300.jpg 225w, https:\/\/katolicka-gimnazija.hr\/wp-content\/uploads\/2022\/01\/86486344_2944944302236918_666896820638580736_n-768x1024.jpg 768w, https:\/\/katolicka-gimnazija.hr\/wp-content\/uploads\/2022\/01\/86486344_2944944302236918_666896820638580736_n-1152x1536.jpg 1152w, https:\/\/katolicka-gimnazija.hr\/wp-content\/uploads\/2022\/01\/86486344_2944944302236918_666896820638580736_n.jpg 1440w\" sizes=\"auto, (max-width: 225px) 100vw, 225px\" \/><\/a>\n\t\t\t<\/div><\/figure><figure class='gallery-item'>\n\t\t\t<div class='gallery-icon landscape'>\n\t\t\t\t<a href='https:\/\/katolicka-gimnazija.hr\/wp-content\/uploads\/2022\/01\/256556279_925236431725526_1656599669074027624_n.jpg'><img loading=\"lazy\" decoding=\"async\" width=\"300\" height=\"225\" src=\"https:\/\/katolicka-gimnazija.hr\/wp-content\/uploads\/2022\/01\/256556279_925236431725526_1656599669074027624_n-300x225.jpg\" class=\"attachment-medium size-medium\" alt=\"\" srcset=\"https:\/\/katolicka-gimnazija.hr\/wp-content\/uploads\/2022\/01\/256556279_925236431725526_1656599669074027624_n-300x225.jpg 300w, https:\/\/katolicka-gimnazija.hr\/wp-content\/uploads\/2022\/01\/256556279_925236431725526_1656599669074027624_n-1024x768.jpg 1024w, https:\/\/katolicka-gimnazija.hr\/wp-content\/uploads\/2022\/01\/256556279_925236431725526_1656599669074027624_n-768x576.jpg 768w, https:\/\/katolicka-gimnazija.hr\/wp-content\/uploads\/2022\/01\/256556279_925236431725526_1656599669074027624_n-1536x1152.jpg 1536w, https:\/\/katolicka-gimnazija.hr\/wp-content\/uploads\/2022\/01\/256556279_925236431725526_1656599669074027624_n-400x300.jpg 400w, https:\/\/katolicka-gimnazija.hr\/wp-content\/uploads\/2022\/01\/256556279_925236431725526_1656599669074027624_n.jpg 1920w\" sizes=\"auto, (max-width: 300px) 100vw, 300px\" \/><\/a>\n\t\t\t<\/div><\/figure><figure class='gallery-item'>\n\t\t\t<div class='gallery-icon landscape'>\n\t\t\t\t<a href='https:\/\/katolicka-gimnazija.hr\/wp-content\/uploads\/2022\/01\/Dan-droavnosti-na-Oltaru-domovine.jpg'><img loading=\"lazy\" decoding=\"async\" width=\"300\" height=\"191\" src=\"https:\/\/katolicka-gimnazija.hr\/wp-content\/uploads\/2022\/01\/Dan-droavnosti-na-Oltaru-domovine-300x191.jpg\" class=\"attachment-medium size-medium\" alt=\"\" srcset=\"https:\/\/katolicka-gimnazija.hr\/wp-content\/uploads\/2022\/01\/Dan-droavnosti-na-Oltaru-domovine-300x191.jpg 300w, https:\/\/katolicka-gimnazija.hr\/wp-content\/uploads\/2022\/01\/Dan-droavnosti-na-Oltaru-domovine-1024x651.jpg 1024w, https:\/\/katolicka-gimnazija.hr\/wp-content\/uploads\/2022\/01\/Dan-droavnosti-na-Oltaru-domovine-768x488.jpg 768w, https:\/\/katolicka-gimnazija.hr\/wp-content\/uploads\/2022\/01\/Dan-droavnosti-na-Oltaru-domovine-1536x976.jpg 1536w, https:\/\/katolicka-gimnazija.hr\/wp-content\/uploads\/2022\/01\/Dan-droavnosti-na-Oltaru-domovine-400x254.jpg 400w, https:\/\/katolicka-gimnazija.hr\/wp-content\/uploads\/2022\/01\/Dan-droavnosti-na-Oltaru-domovine.jpg 1920w\" sizes=\"auto, (max-width: 300px) 100vw, 300px\" \/><\/a>\n\t\t\t<\/div><\/figure><figure class='gallery-item'>\n\t\t\t<div class='gallery-icon landscape'>\n\t\t\t\t<a href='https:\/\/katolicka-gimnazija.hr\/wp-content\/uploads\/2022\/01\/DSC_0065.jpg'><img loading=\"lazy\" decoding=\"async\" width=\"300\" height=\"200\" src=\"https:\/\/katolicka-gimnazija.hr\/wp-content\/uploads\/2022\/01\/DSC_0065-300x200.jpg\" class=\"attachment-medium size-medium\" alt=\"\" srcset=\"https:\/\/katolicka-gimnazija.hr\/wp-content\/uploads\/2022\/01\/DSC_0065-300x200.jpg 300w, https:\/\/katolicka-gimnazija.hr\/wp-content\/uploads\/2022\/01\/DSC_0065-1024x683.jpg 1024w, https:\/\/katolicka-gimnazija.hr\/wp-content\/uploads\/2022\/01\/DSC_0065-768x512.jpg 768w, https:\/\/katolicka-gimnazija.hr\/wp-content\/uploads\/2022\/01\/DSC_0065-1536x1024.jpg 1536w, https:\/\/katolicka-gimnazija.hr\/wp-content\/uploads\/2022\/01\/DSC_0065-400x267.jpg 400w, https:\/\/katolicka-gimnazija.hr\/wp-content\/uploads\/2022\/01\/DSC_0065.jpg 1920w\" sizes=\"auto, (max-width: 300px) 100vw, 300px\" \/><\/a>\n\t\t\t<\/div><\/figure><figure class='gallery-item'>\n\t\t\t<div class='gallery-icon portrait'>\n\t\t\t\t<a href='https:\/\/katolicka-gimnazija.hr\/wp-content\/uploads\/2022\/01\/DSC_0109-rotated.jpg'><img loading=\"lazy\" decoding=\"async\" width=\"200\" height=\"300\" src=\"https:\/\/katolicka-gimnazija.hr\/wp-content\/uploads\/2022\/01\/DSC_0109-200x300.jpg\" class=\"attachment-medium size-medium\" alt=\"\" srcset=\"https:\/\/katolicka-gimnazija.hr\/wp-content\/uploads\/2022\/01\/DSC_0109-200x300.jpg 200w, https:\/\/katolicka-gimnazija.hr\/wp-content\/uploads\/2022\/01\/DSC_0109-683x1024.jpg 683w, https:\/\/katolicka-gimnazija.hr\/wp-content\/uploads\/2022\/01\/DSC_0109-768x1152.jpg 768w, https:\/\/katolicka-gimnazija.hr\/wp-content\/uploads\/2022\/01\/DSC_0109-1024x1536.jpg 1024w, https:\/\/katolicka-gimnazija.hr\/wp-content\/uploads\/2022\/01\/DSC_0109-rotated.jpg 1280w\" sizes=\"auto, (max-width: 200px) 100vw, 200px\" \/><\/a>\n\t\t\t<\/div><\/figure><figure class='gallery-item'>\n\t\t\t<div class='gallery-icon landscape'>\n\t\t\t\t<a href='https:\/\/katolicka-gimnazija.hr\/wp-content\/uploads\/2022\/01\/DSC_0116.jpg'><img loading=\"lazy\" decoding=\"async\" width=\"300\" height=\"200\" src=\"https:\/\/katolicka-gimnazija.hr\/wp-content\/uploads\/2022\/01\/DSC_0116-300x200.jpg\" class=\"attachment-medium size-medium\" alt=\"\" srcset=\"https:\/\/katolicka-gimnazija.hr\/wp-content\/uploads\/2022\/01\/DSC_0116-300x200.jpg 300w, https:\/\/katolicka-gimnazija.hr\/wp-content\/uploads\/2022\/01\/DSC_0116-1024x683.jpg 1024w, https:\/\/katolicka-gimnazija.hr\/wp-content\/uploads\/2022\/01\/DSC_0116-768x512.jpg 768w, https:\/\/katolicka-gimnazija.hr\/wp-content\/uploads\/2022\/01\/DSC_0116-1536x1024.jpg 1536w, https:\/\/katolicka-gimnazija.hr\/wp-content\/uploads\/2022\/01\/DSC_0116-400x267.jpg 400w, https:\/\/katolicka-gimnazija.hr\/wp-content\/uploads\/2022\/01\/DSC_0116.jpg 1920w\" sizes=\"auto, (max-width: 300px) 100vw, 300px\" \/><\/a>\n\t\t\t<\/div><\/figure><figure class='gallery-item'>\n\t\t\t<div class='gallery-icon landscape'>\n\t\t\t\t<a href='https:\/\/katolicka-gimnazija.hr\/wp-content\/uploads\/2022\/01\/DSC_0155.jpg'><img loading=\"lazy\" decoding=\"async\" width=\"300\" height=\"200\" src=\"https:\/\/katolicka-gimnazija.hr\/wp-content\/uploads\/2022\/01\/DSC_0155-300x200.jpg\" class=\"attachment-medium size-medium\" alt=\"\" srcset=\"https:\/\/katolicka-gimnazija.hr\/wp-content\/uploads\/2022\/01\/DSC_0155-300x200.jpg 300w, https:\/\/katolicka-gimnazija.hr\/wp-content\/uploads\/2022\/01\/DSC_0155-1024x683.jpg 1024w, https:\/\/katolicka-gimnazija.hr\/wp-content\/uploads\/2022\/01\/DSC_0155-768x512.jpg 768w, https:\/\/katolicka-gimnazija.hr\/wp-content\/uploads\/2022\/01\/DSC_0155-1536x1024.jpg 1536w, https:\/\/katolicka-gimnazija.hr\/wp-content\/uploads\/2022\/01\/DSC_0155-400x267.jpg 400w, https:\/\/katolicka-gimnazija.hr\/wp-content\/uploads\/2022\/01\/DSC_0155.jpg 1920w\" sizes=\"auto, (max-width: 300px) 100vw, 300px\" \/><\/a>\n\t\t\t<\/div><\/figure><figure class='gallery-item'>\n\t\t\t<div class='gallery-icon landscape'>\n\t\t\t\t<a href='https:\/\/katolicka-gimnazija.hr\/wp-content\/uploads\/2022\/01\/DSC_0164.jpg'><img loading=\"lazy\" decoding=\"async\" width=\"300\" height=\"200\" src=\"https:\/\/katolicka-gimnazija.hr\/wp-content\/uploads\/2022\/01\/DSC_0164-300x200.jpg\" class=\"attachment-medium size-medium\" alt=\"\" srcset=\"https:\/\/katolicka-gimnazija.hr\/wp-content\/uploads\/2022\/01\/DSC_0164-300x200.jpg 300w, https:\/\/katolicka-gimnazija.hr\/wp-content\/uploads\/2022\/01\/DSC_0164-1024x683.jpg 1024w, https:\/\/katolicka-gimnazija.hr\/wp-content\/uploads\/2022\/01\/DSC_0164-768x512.jpg 768w, https:\/\/katolicka-gimnazija.hr\/wp-content\/uploads\/2022\/01\/DSC_0164-1536x1024.jpg 1536w, https:\/\/katolicka-gimnazija.hr\/wp-content\/uploads\/2022\/01\/DSC_0164-400x267.jpg 400w, https:\/\/katolicka-gimnazija.hr\/wp-content\/uploads\/2022\/01\/DSC_0164.jpg 1920w\" sizes=\"auto, (max-width: 300px) 100vw, 300px\" \/><\/a>\n\t\t\t<\/div><\/figure><figure class='gallery-item'>\n\t\t\t<div class='gallery-icon landscape'>\n\t\t\t\t<a href='https:\/\/katolicka-gimnazija.hr\/wp-content\/uploads\/2022\/01\/DSC_0207.jpg'><img loading=\"lazy\" decoding=\"async\" width=\"300\" height=\"200\" src=\"https:\/\/katolicka-gimnazija.hr\/wp-content\/uploads\/2022\/01\/DSC_0207-300x200.jpg\" class=\"attachment-medium size-medium\" alt=\"\" srcset=\"https:\/\/katolicka-gimnazija.hr\/wp-content\/uploads\/2022\/01\/DSC_0207-300x200.jpg 300w, https:\/\/katolicka-gimnazija.hr\/wp-content\/uploads\/2022\/01\/DSC_0207-1024x683.jpg 1024w, https:\/\/katolicka-gimnazija.hr\/wp-content\/uploads\/2022\/01\/DSC_0207-768x512.jpg 768w, https:\/\/katolicka-gimnazija.hr\/wp-content\/uploads\/2022\/01\/DSC_0207-1536x1024.jpg 1536w, https:\/\/katolicka-gimnazija.hr\/wp-content\/uploads\/2022\/01\/DSC_0207-400x267.jpg 400w, https:\/\/katolicka-gimnazija.hr\/wp-content\/uploads\/2022\/01\/DSC_0207.jpg 1920w\" sizes=\"auto, (max-width: 300px) 100vw, 300px\" \/><\/a>\n\t\t\t<\/div><\/figure><figure class='gallery-item'>\n\t\t\t<div class='gallery-icon landscape'>\n\t\t\t\t<a href='https:\/\/katolicka-gimnazija.hr\/wp-content\/uploads\/2022\/01\/DSC_0303.jpg'><img loading=\"lazy\" decoding=\"async\" width=\"300\" height=\"200\" src=\"https:\/\/katolicka-gimnazija.hr\/wp-content\/uploads\/2022\/01\/DSC_0303-300x200.jpg\" class=\"attachment-medium size-medium\" alt=\"\" srcset=\"https:\/\/katolicka-gimnazija.hr\/wp-content\/uploads\/2022\/01\/DSC_0303-300x200.jpg 300w, https:\/\/katolicka-gimnazija.hr\/wp-content\/uploads\/2022\/01\/DSC_0303-1024x683.jpg 1024w, https:\/\/katolicka-gimnazija.hr\/wp-content\/uploads\/2022\/01\/DSC_0303-768x512.jpg 768w, https:\/\/katolicka-gimnazija.hr\/wp-content\/uploads\/2022\/01\/DSC_0303-1536x1024.jpg 1536w, https:\/\/katolicka-gimnazija.hr\/wp-content\/uploads\/2022\/01\/DSC_0303-400x267.jpg 400w, https:\/\/katolicka-gimnazija.hr\/wp-content\/uploads\/2022\/01\/DSC_0303.jpg 1920w\" sizes=\"auto, (max-width: 300px) 100vw, 300px\" \/><\/a>\n\t\t\t<\/div><\/figure><figure class='gallery-item'>\n\t\t\t<div class='gallery-icon landscape'>\n\t\t\t\t<a href='https:\/\/katolicka-gimnazija.hr\/wp-content\/uploads\/2022\/01\/DSC_2660.jpg'><img loading=\"lazy\" decoding=\"async\" width=\"300\" height=\"200\" src=\"https:\/\/katolicka-gimnazija.hr\/wp-content\/uploads\/2022\/01\/DSC_2660-300x200.jpg\" class=\"attachment-medium size-medium\" alt=\"\" srcset=\"https:\/\/katolicka-gimnazija.hr\/wp-content\/uploads\/2022\/01\/DSC_2660-300x200.jpg 300w, https:\/\/katolicka-gimnazija.hr\/wp-content\/uploads\/2022\/01\/DSC_2660-1024x683.jpg 1024w, https:\/\/katolicka-gimnazija.hr\/wp-content\/uploads\/2022\/01\/DSC_2660-768x512.jpg 768w, https:\/\/katolicka-gimnazija.hr\/wp-content\/uploads\/2022\/01\/DSC_2660-1536x1024.jpg 1536w, https:\/\/katolicka-gimnazija.hr\/wp-content\/uploads\/2022\/01\/DSC_2660-400x267.jpg 400w, https:\/\/katolicka-gimnazija.hr\/wp-content\/uploads\/2022\/01\/DSC_2660.jpg 1920w\" sizes=\"auto, (max-width: 300px) 100vw, 300px\" \/><\/a>\n\t\t\t<\/div><\/figure><figure class='gallery-item'>\n\t\t\t<div class='gallery-icon landscape'>\n\t\t\t\t<a href='https:\/\/katolicka-gimnazija.hr\/wp-content\/uploads\/2022\/01\/DSC_2871.jpg'><img loading=\"lazy\" decoding=\"async\" width=\"300\" height=\"200\" src=\"https:\/\/katolicka-gimnazija.hr\/wp-content\/uploads\/2022\/01\/DSC_2871-300x200.jpg\" class=\"attachment-medium size-medium\" alt=\"\" srcset=\"https:\/\/katolicka-gimnazija.hr\/wp-content\/uploads\/2022\/01\/DSC_2871-300x200.jpg 300w, https:\/\/katolicka-gimnazija.hr\/wp-content\/uploads\/2022\/01\/DSC_2871-1024x683.jpg 1024w, https:\/\/katolicka-gimnazija.hr\/wp-content\/uploads\/2022\/01\/DSC_2871-768x512.jpg 768w, https:\/\/katolicka-gimnazija.hr\/wp-content\/uploads\/2022\/01\/DSC_2871-1536x1024.jpg 1536w, https:\/\/katolicka-gimnazija.hr\/wp-content\/uploads\/2022\/01\/DSC_2871-400x267.jpg 400w, https:\/\/katolicka-gimnazija.hr\/wp-content\/uploads\/2022\/01\/DSC_2871.jpg 1920w\" sizes=\"auto, (max-width: 300px) 100vw, 300px\" \/><\/a>\n\t\t\t<\/div><\/figure><figure class='gallery-item'>\n\t\t\t<div class='gallery-icon landscape'>\n\t\t\t\t<a href='https:\/\/katolicka-gimnazija.hr\/wp-content\/uploads\/2022\/01\/DSC_4377.jpg'><img loading=\"lazy\" decoding=\"async\" width=\"300\" height=\"172\" src=\"https:\/\/katolicka-gimnazija.hr\/wp-content\/uploads\/2022\/01\/DSC_4377-300x172.jpg\" class=\"attachment-medium size-medium\" alt=\"\" srcset=\"https:\/\/katolicka-gimnazija.hr\/wp-content\/uploads\/2022\/01\/DSC_4377-300x172.jpg 300w, https:\/\/katolicka-gimnazija.hr\/wp-content\/uploads\/2022\/01\/DSC_4377-1024x587.jpg 1024w, https:\/\/katolicka-gimnazija.hr\/wp-content\/uploads\/2022\/01\/DSC_4377-768x440.jpg 768w, https:\/\/katolicka-gimnazija.hr\/wp-content\/uploads\/2022\/01\/DSC_4377-1536x881.jpg 1536w, https:\/\/katolicka-gimnazija.hr\/wp-content\/uploads\/2022\/01\/DSC_4377-400x229.jpg 400w, https:\/\/katolicka-gimnazija.hr\/wp-content\/uploads\/2022\/01\/DSC_4377.jpg 1920w\" sizes=\"auto, (max-width: 300px) 100vw, 300px\" \/><\/a>\n\t\t\t<\/div><\/figure><figure class='gallery-item'>\n\t\t\t<div class='gallery-icon portrait'>\n\t\t\t\t<a href='https:\/\/katolicka-gimnazija.hr\/wp-content\/uploads\/2022\/01\/DSC_4657.jpg'><img loading=\"lazy\" decoding=\"async\" width=\"200\" height=\"300\" src=\"https:\/\/katolicka-gimnazija.hr\/wp-content\/uploads\/2022\/01\/DSC_4657-200x300.jpg\" class=\"attachment-medium size-medium\" alt=\"\" srcset=\"https:\/\/katolicka-gimnazija.hr\/wp-content\/uploads\/2022\/01\/DSC_4657-200x300.jpg 200w, https:\/\/katolicka-gimnazija.hr\/wp-content\/uploads\/2022\/01\/DSC_4657-683x1024.jpg 683w, https:\/\/katolicka-gimnazija.hr\/wp-content\/uploads\/2022\/01\/DSC_4657-768x1152.jpg 768w, https:\/\/katolicka-gimnazija.hr\/wp-content\/uploads\/2022\/01\/DSC_4657-1024x1536.jpg 1024w, https:\/\/katolicka-gimnazija.hr\/wp-content\/uploads\/2022\/01\/DSC_4657.jpg 1280w\" sizes=\"auto, (max-width: 200px) 100vw, 200px\" \/><\/a>\n\t\t\t<\/div><\/figure><figure class='gallery-item'>\n\t\t\t<div class='gallery-icon landscape'>\n\t\t\t\t<a href='https:\/\/katolicka-gimnazija.hr\/wp-content\/uploads\/2022\/01\/MicrosoftTeams-image-22.jpg'><img loading=\"lazy\" decoding=\"async\" width=\"300\" height=\"225\" src=\"https:\/\/katolicka-gimnazija.hr\/wp-content\/uploads\/2022\/01\/MicrosoftTeams-image-22-300x225.jpg\" class=\"attachment-medium size-medium\" alt=\"\" srcset=\"https:\/\/katolicka-gimnazija.hr\/wp-content\/uploads\/2022\/01\/MicrosoftTeams-image-22-300x225.jpg 300w, https:\/\/katolicka-gimnazija.hr\/wp-content\/uploads\/2022\/01\/MicrosoftTeams-image-22-1024x768.jpg 1024w, https:\/\/katolicka-gimnazija.hr\/wp-content\/uploads\/2022\/01\/MicrosoftTeams-image-22-768x576.jpg 768w, https:\/\/katolicka-gimnazija.hr\/wp-content\/uploads\/2022\/01\/MicrosoftTeams-image-22-1536x1152.jpg 1536w, https:\/\/katolicka-gimnazija.hr\/wp-content\/uploads\/2022\/01\/MicrosoftTeams-image-22-400x300.jpg 400w, https:\/\/katolicka-gimnazija.hr\/wp-content\/uploads\/2022\/01\/MicrosoftTeams-image-22.jpg 1920w\" sizes=\"auto, (max-width: 300px) 100vw, 300px\" \/><\/a>\n\t\t\t<\/div><\/figure><figure class='gallery-item'>\n\t\t\t<div class='gallery-icon landscape'>\n\t\t\t\t<a href='https:\/\/katolicka-gimnazija.hr\/wp-content\/uploads\/2022\/01\/Osvojena-i-Medvednica.jpg'><img loading=\"lazy\" decoding=\"async\" width=\"300\" height=\"200\" src=\"https:\/\/katolicka-gimnazija.hr\/wp-content\/uploads\/2022\/01\/Osvojena-i-Medvednica-300x200.jpg\" class=\"attachment-medium size-medium\" alt=\"\" srcset=\"https:\/\/katolicka-gimnazija.hr\/wp-content\/uploads\/2022\/01\/Osvojena-i-Medvednica-300x200.jpg 300w, https:\/\/katolicka-gimnazija.hr\/wp-content\/uploads\/2022\/01\/Osvojena-i-Medvednica-1024x683.jpg 1024w, https:\/\/katolicka-gimnazija.hr\/wp-content\/uploads\/2022\/01\/Osvojena-i-Medvednica-768x512.jpg 768w, https:\/\/katolicka-gimnazija.hr\/wp-content\/uploads\/2022\/01\/Osvojena-i-Medvednica-1536x1025.jpg 1536w, https:\/\/katolicka-gimnazija.hr\/wp-content\/uploads\/2022\/01\/Osvojena-i-Medvednica-400x267.jpg 400w, https:\/\/katolicka-gimnazija.hr\/wp-content\/uploads\/2022\/01\/Osvojena-i-Medvednica.jpg 1920w\" sizes=\"auto, (max-width: 300px) 100vw, 300px\" \/><\/a>\n\t\t\t<\/div><\/figure>\n\t\t<\/div>\n\n","protected":false},"excerpt":{"rendered":"<p>U dobroj staroj humanisti\u010dkoj vjeri da je u zdravu tijelu i zdrav duh te da se u izravnom doticaju s prirodom, koja je najsavr\u0161eniji odraz Svevi\u0161njega, mladi \u010dovjek preobra\u017eava u ne\u0161to ljep\u0161e i plemenitije 2020. godine osnovali smo \u0161kolsko planinarsko dru\u0161tvo u\u010denika Katoli\u010dke gimnazije s pravom javnosti u Po\u017eegi. CILJ AKTIVNOSTI\u00a0 obilazak najatraktivnijih planinarskih staza [&hellip;]<\/p>\n","protected":false},"author":2,"featured_media":24523,"parent":557,"menu_order":0,"comment_status":"closed","ping_status":"closed","template":"","meta":{"footnotes":""},"class_list":["post-24546","page","type-page","status-publish","has-post-thumbnail","hentry"],"_links":{"self":[{"href":"https:\/\/katolicka-gimnazija.hr\/index.php\/wp-json\/wp\/v2\/pages\/24546","targetHints":{"allow":["GET"]}}],"collection":[{"href":"https:\/\/katolicka-gimnazija.hr\/index.php\/wp-json\/wp\/v2\/pages"}],"about":[{"href":"https:\/\/katolicka-gimnazija.hr\/index.php\/wp-json\/wp\/v2\/types\/page"}],"author":[{"embeddable":true,"href":"https:\/\/katolicka-gimnazija.hr\/index.php\/wp-json\/wp\/v2\/users\/2"}],"replies":[{"embeddable":true,"href":"https:\/\/katolicka-gimnazija.hr\/index.php\/wp-json\/wp\/v2\/comments?post=24546"}],"version-history":[{"count":1,"href":"https:\/\/katolicka-gimnazija.hr\/index.php\/wp-json\/wp\/v2\/pages\/24546\/revisions"}],"predecessor-version":[{"id":24547,"href":"https:\/\/katolicka-gimnazija.hr\/index.php\/wp-json\/wp\/v2\/pages\/24546\/revisions\/24547"}],"up":[{"embeddable":true,"href":"https:\/\/katolicka-gimnazija.hr\/index.php\/wp-json\/wp\/v2\/pages\/557"}],"wp:featuredmedia":[{"embeddable":true,"href":"https:\/\/katolicka-gimnazija.hr\/index.php\/wp-json\/wp\/v2\/media\/24523"}],"wp:attachment":[{"href":"https:\/\/katolicka-gimnazija.hr\/index.php\/wp-json\/wp\/v2\/media?parent=24546"}],"curies":[{"name":"wp","href":"https:\/\/api.w.org\/{rel}","templated":true}]}}