{"id":366,"date":"2015-09-22T09:06:48","date_gmt":"2015-09-22T09:06:48","guid":{"rendered":"http:\/\/katolicka-gimnazija.hr\/?page_id=366"},"modified":"2025-01-08T10:53:40","modified_gmt":"2025-01-08T09:53:40","slug":"uprava","status":"publish","type":"page","link":"https:\/\/katolicka-gimnazija.hr\/index.php\/o-skoli\/djelatnici-i-kontakti\/uprava\/","title":{"rendered":"Uprava"},"content":{"rendered":"<p><strong>Katoli\u010dka gimnazija s pravom javnosti u Po\u017eegi<\/strong><\/p>\n<p>Adresa sjedi\u0161ta: 34000 Po\u017eega, Pape Ivana Pavla II. 6<\/p>\n<p>Zbornica \u0161kole: 034\/312-095<\/p>\n<div class=\"su-spoiler su-spoiler-style-simple su-spoiler-icon-plus\" data-scroll-offset=\"0\" data-anchor-in-url=\"no\"><div class=\"su-spoiler-title\" tabindex=\"0\" role=\"button\"><span class=\"su-spoiler-icon\"><\/span>RAVNATELJ<\/div><div class=\"su-spoiler-content su-u-clearfix su-u-trim\">\n<h2><img loading=\"lazy\" decoding=\"async\" class=\"alignleft wp-image-125 size-medium\" src=\"http:\/\/katolicka-gimnazija.hr\/wp-content\/uploads\/2015\/09\/Ivica-Bedeni--ic-300x300.jpg\" alt=\"Prof. latinskog i gr\u010dkog jezika\" width=\"300\" height=\"300\" srcset=\"https:\/\/katolicka-gimnazija.hr\/wp-content\/uploads\/2015\/09\/Ivica-Bedeni--ic-300x300.jpg 300w, https:\/\/katolicka-gimnazija.hr\/wp-content\/uploads\/2015\/09\/Ivica-Bedeni--ic-768x768.jpg 768w, https:\/\/katolicka-gimnazija.hr\/wp-content\/uploads\/2015\/09\/Ivica-Bedeni--ic-150x150.jpg 150w, https:\/\/katolicka-gimnazija.hr\/wp-content\/uploads\/2015\/09\/Ivica-Bedeni--ic-1024x1024.jpg 1024w, https:\/\/katolicka-gimnazija.hr\/wp-content\/uploads\/2015\/09\/Ivica-Bedeni--ic-360x360.jpg 360w, https:\/\/katolicka-gimnazija.hr\/wp-content\/uploads\/2015\/09\/Ivica-Bedeni--ic-750x750.jpg 750w, https:\/\/katolicka-gimnazija.hr\/wp-content\/uploads\/2015\/09\/Ivica-Bedeni--ic-400x400.jpg 400w, https:\/\/katolicka-gimnazija.hr\/wp-content\/uploads\/2015\/09\/Ivica-Bedeni--ic-430x430.jpg 430w, https:\/\/katolicka-gimnazija.hr\/wp-content\/uploads\/2015\/09\/Ivica-Bedeni--ic-100x100.jpg 100w, https:\/\/katolicka-gimnazija.hr\/wp-content\/uploads\/2015\/09\/Ivica-Bedeni--ic.jpg 1200w\" sizes=\"auto, (max-width: 300px) 100vw, 300px\" \/><strong><br \/>\n<\/strong>Ivica Bedeni\u010di\u0107<\/h2>\n<p>diplomirani grecist i latinist<\/p>\n<p>095 \/ 312 0901; 034 \/ 312 093 (radnim danima od 8:00 do 16:00 sati)<\/p>\n<p>ravnatelj@katolicka-gimnazija.hr<\/p>\n<p>&nbsp;<\/p>\n<\/div><\/div>\n<div class=\"su-spoiler su-spoiler-style-simple su-spoiler-icon-plus\" data-scroll-offset=\"0\" data-anchor-in-url=\"no\"><div class=\"su-spoiler-title\" tabindex=\"0\" role=\"button\"><span class=\"su-spoiler-icon\"><\/span>TAJNI\u0160TVO<\/div><div class=\"su-spoiler-content su-u-clearfix su-u-trim\">\n<h2>Kristina Brati\u0107<\/h2>\n<p>upravni pravnik<\/p>\n<p>034 \/ 312 090; Faks: 034 \/ 312 070\u00a0(radnim danima od 7:00 do 15:00 sati)<\/p>\n<p>tajnistvo@katolicka-gimnazija.hr<\/p>\n<hr \/>\n<p class=\"yiv7267753560MsoNormal\"><b>Pravila i na\u010din najavljivanja posjeta i ulaska kod tajnika<\/b><\/p>\n<p class=\"yiv7267753560MsoNormal\">Svi roditelji i posjetitelji koji nisu radnici ili u\u010denici Katoli\u010dke gimnazije s pravom javnosti kao stranke kod tajnika mogu\u00a0<b>ulaziti<\/b>:<\/p>\n<p class=\"yiv7267753560MsoListParagraphCxSpFirst\">\u00b7\u00a0\u00a0\u00a0\u00a0\u00a0\u00a0samo u dogovorenom terminu uz prethodnu najavu ili<\/p>\n<p class=\"yiv7267753560MsoListParagraphCxSpLast\">\u00b7\u00a0\u00a0\u00a0\u00a0\u00a0\u00a0na poziv od strane tajnika,<\/p>\n<p class=\"yiv7267753560MsoNormal\">na glavni ulaz uz koji je istaknuta natpisna plo\u010da koja sadr\u017ei naziv \u0161kole,<\/p>\n<p class=\"yiv7267753560MsoListParagraphCxSpFirst\">\u00b7\u00a0\u00a0\u00a0\u00a0\u00a0\u00a0uz osobnu iskaznicu ili drugi odgovaraju\u0107i dokument s fotografijom osobe kojom \u0107e radnik Katoli\u010dke gimnazije provjeriti identitet osobe koja ulazi i<\/p>\n<p class=\"yiv7267753560MsoListParagraphCxSpLast\">\u00b7\u00a0\u00a0\u00a0\u00a0\u00a0\u00a0uz dopu\u0161tanje obavljanja sigurnosnih pregleda (osobe i njezinih predmeta) koje radnik mo\u017ee izvr\u0161iti.<\/p>\n<p class=\"yiv7267753560MsoNormal\">Stranke\u00a0<b>posjet tajniku<\/b>\u00a0mogu\u00a0<b>najaviti<\/b>:<\/p>\n<p class=\"yiv7267753560MsoListParagraphCxSpFirst\">1.\u00a0\u00a0\u00a0\u00a0telefonski na broj 034\/312-090 ili<\/p>\n<p class=\"yiv7267753560MsoListParagraphCxSpMiddle\">2.\u00a0\u00a0\u00a0\u00a0elektroni\u010dki slanjem poruke na adresu e-po\u0161te\u00a0<a href=\"mailto:tajnistvo@katolicka-gimnazija.hr\" target=\"_blank\" rel=\"nofollow noopener noreferrer\">tajnistvo@katolicka-gimnazija.hr<\/a>\u00a0koja sadr\u017ei:<\/p>\n<p class=\"yiv7267753560MsoListParagraphCxSpMiddle\">\u00b7\u00a0\u00a0\u00a0\u00a0\u00a0\u00a0<u>ime i prezime<\/u>\u00a0stranke<\/p>\n<p class=\"yiv7267753560MsoListParagraphCxSpMiddle\">\u00b7\u00a0\u00a0\u00a0\u00a0\u00a0\u00a0<u>datum<\/u>\u00a0posjeta koji stranka najavljuje<\/p>\n<p class=\"yiv7267753560MsoListParagraphCxSpLast\">\u00b7\u00a0\u00a0\u00a0\u00a0\u00a0\u00a0<u>razlog<\/u>\u00a0posjeta,<\/p>\n<p class=\"yiv7267753560MsoNormal\">a smatra se da je najavljen ako stranka primi odgovor tajnika.<\/p>\n<\/div><\/div>\n<div class=\"su-spoiler su-spoiler-style-simple su-spoiler-icon-plus\" data-scroll-offset=\"0\" data-anchor-in-url=\"no\"><div class=\"su-spoiler-title\" tabindex=\"0\" role=\"button\"><span class=\"su-spoiler-icon\"><\/span>RA\u010cUNOVODSTVO<\/div><div class=\"su-spoiler-content su-u-clearfix su-u-trim\">\n<h2><img loading=\"lazy\" decoding=\"async\" class=\"alignleft size-medium wp-image-121\" src=\"http:\/\/katolicka-gimnazija.hr\/wp-content\/uploads\/2015\/09\/Elizabeta-engelman-300x300.jpg\" alt=\"Elizabeta engelman\" width=\"300\" height=\"300\" srcset=\"https:\/\/katolicka-gimnazija.hr\/wp-content\/uploads\/2015\/09\/Elizabeta-engelman-300x300.jpg 300w, https:\/\/katolicka-gimnazija.hr\/wp-content\/uploads\/2015\/09\/Elizabeta-engelman-768x768.jpg 768w, https:\/\/katolicka-gimnazija.hr\/wp-content\/uploads\/2015\/09\/Elizabeta-engelman-150x150.jpg 150w, https:\/\/katolicka-gimnazija.hr\/wp-content\/uploads\/2015\/09\/Elizabeta-engelman-1024x1024.jpg 1024w, https:\/\/katolicka-gimnazija.hr\/wp-content\/uploads\/2015\/09\/Elizabeta-engelman-360x360.jpg 360w, https:\/\/katolicka-gimnazija.hr\/wp-content\/uploads\/2015\/09\/Elizabeta-engelman-750x750.jpg 750w, https:\/\/katolicka-gimnazija.hr\/wp-content\/uploads\/2015\/09\/Elizabeta-engelman-400x400.jpg 400w, https:\/\/katolicka-gimnazija.hr\/wp-content\/uploads\/2015\/09\/Elizabeta-engelman-430x430.jpg 430w, https:\/\/katolicka-gimnazija.hr\/wp-content\/uploads\/2015\/09\/Elizabeta-engelman-100x100.jpg 100w, https:\/\/katolicka-gimnazija.hr\/wp-content\/uploads\/2015\/09\/Elizabeta-engelman.jpg 1200w\" sizes=\"auto, (max-width: 300px) 100vw, 300px\" \/><strong><br \/>\n<\/strong>Elizabeta Engelman<\/h2>\n<p>ekonomist za trgovinu<\/p>\n<p>034 \/ 312 091 (radnim danima od 8:00 do 16:00 sati)<\/p>\n<p>racunovodstvo@katolicka-gimnazija.hr<\/p>\n<p>&nbsp;<\/p>\n<p>&nbsp;<\/p>\n<p>&nbsp;<\/p>\n<hr \/>\n<p class=\"yiv7267753560MsoNormal\"><b>Pravila i na\u010din najavljivanja posjeta i ulaska u ra\u010dunovodstvo<\/b><\/p>\n<p class=\"yiv7267753560MsoNormal\">Svi roditelji i posjetitelji koji nisu radnici ili u\u010denici Katoli\u010dke gimnazije s pravom javnosti kao stranka u ra\u010dunovodstvo mogu\u00a0<b>ulaziti<\/b>:<\/p>\n<p class=\"yiv7267753560MsoListParagraphCxSpFirst\">\u00b7\u00a0\u00a0\u00a0\u00a0\u00a0\u00a0samo u dogovorenom terminu uz prethodnu najavu ili<\/p>\n<p class=\"yiv7267753560MsoListParagraphCxSpLast\">\u00b7\u00a0\u00a0\u00a0\u00a0\u00a0\u00a0na poziv od strane voditelja ra\u010dunovodstva,<\/p>\n<p class=\"yiv7267753560MsoNormal\">na glavni ulaz uz koji je istaknuta natpisna plo\u010da koja sadr\u017ei naziv \u0161kole,<\/p>\n<p class=\"yiv7267753560MsoListParagraphCxSpFirst\">\u00b7\u00a0\u00a0\u00a0\u00a0\u00a0\u00a0uz osobnu iskaznicu ili drugi odgovaraju\u0107i dokument s fotografijom osobe kojom \u0107e radnik Katoli\u010dke gimnazije provjeriti identitet osobe koja ulazi i<\/p>\n<p class=\"yiv7267753560MsoListParagraphCxSpLast\">\u00b7\u00a0\u00a0\u00a0\u00a0\u00a0\u00a0uz dopu\u0161tanje obavljanja sigurnosnih pregleda (osobe i njezinih predmeta) koje radnik mo\u017ee izvr\u0161iti.<\/p>\n<p class=\"yiv7267753560MsoNormal\">Stranke\u00a0<b>posjet ra\u010dunovodstvu<\/b>\u00a0mogu\u00a0<b>najaviti<\/b>:<\/p>\n<p class=\"yiv7267753560MsoListParagraphCxSpFirst\">1.\u00a0\u00a0\u00a0\u00a0telefonski na broj 034\/312-091 ili<\/p>\n<p class=\"yiv7267753560MsoListParagraphCxSpMiddle\">2.\u00a0\u00a0\u00a0\u00a0elektroni\u010dki slanjem poruke na adresu e-po\u0161te\u00a0<a href=\"mailto:racunovodstvo@katolicka-gimnazija.hr\" target=\"_blank\" rel=\"nofollow noopener noreferrer\">racunovodstvo@katolicka-gimnazija.hr<\/a>\u00a0koja sadr\u017ei:<\/p>\n<p class=\"yiv7267753560MsoListParagraphCxSpMiddle\">\u00b7\u00a0\u00a0\u00a0\u00a0\u00a0\u00a0<u>ime i prezime<\/u>\u00a0stranke<\/p>\n<p class=\"yiv7267753560MsoListParagraphCxSpMiddle\">\u00b7\u00a0\u00a0\u00a0\u00a0\u00a0\u00a0<u>datum<\/u>\u00a0posjeta koji stranka najavljuje<\/p>\n<p class=\"yiv7267753560MsoListParagraphCxSpLast\">\u00b7\u00a0\u00a0\u00a0\u00a0\u00a0\u00a0<u>razlog<\/u>\u00a0posjeta,<\/p>\n<p class=\"yiv7267753560MsoNormal\">a smatra se da je najavljen ako stranka primi odgovor voditelja ra\u010dunovodstva.<\/p>\n<\/div><\/div>\n<div class=\"su-spoiler su-spoiler-style-simple su-spoiler-icon-plus\" data-scroll-offset=\"0\" data-anchor-in-url=\"no\"><div class=\"su-spoiler-title\" tabindex=\"0\" role=\"button\"><span class=\"su-spoiler-icon\"><\/span>STRU\u010cNI SURADNIK - PSIHOLOG<\/div><div class=\"su-spoiler-content su-u-clearfix su-u-trim\">\n<h2><img loading=\"lazy\" decoding=\"async\" class=\"size-medium wp-image-29792 alignleft\" src=\"https:\/\/katolicka-gimnazija.hr\/wp-content\/uploads\/2023\/09\/Nikolina-Bodolovic-300x300.png\" alt=\"\" width=\"300\" height=\"300\" srcset=\"https:\/\/katolicka-gimnazija.hr\/wp-content\/uploads\/2023\/09\/Nikolina-Bodolovic-300x300.png 300w, https:\/\/katolicka-gimnazija.hr\/wp-content\/uploads\/2023\/09\/Nikolina-Bodolovic-1024x1024.png 1024w, https:\/\/katolicka-gimnazija.hr\/wp-content\/uploads\/2023\/09\/Nikolina-Bodolovic-150x150.png 150w, https:\/\/katolicka-gimnazija.hr\/wp-content\/uploads\/2023\/09\/Nikolina-Bodolovic-768x768.png 768w, https:\/\/katolicka-gimnazija.hr\/wp-content\/uploads\/2023\/09\/Nikolina-Bodolovic.png 1200w\" sizes=\"auto, (max-width: 300px) 100vw, 300px\" \/><br \/>\nNikolina Bodolovi\u0107<\/h2>\n<p>magistra\u00a0psihologije<\/p>\n<p>034 \/ 312 087 (radnim danima od 8:00 do 12:00 sati)<\/p>\n<p>&nbsp;<\/p>\n<\/div><\/div>\n<div class=\"su-spoiler su-spoiler-style-simple su-spoiler-icon-plus\" data-scroll-offset=\"0\" data-anchor-in-url=\"no\"><div class=\"su-spoiler-title\" tabindex=\"0\" role=\"button\"><span class=\"su-spoiler-icon\"><\/span>STRU\u010cNI SURADNIK - PEDAGOG<\/div><div class=\"su-spoiler-content su-u-clearfix su-u-trim\">\n<h2><img loading=\"lazy\" decoding=\"async\" class=\"size-medium wp-image-26354 alignleft\" src=\"https:\/\/katolicka-gimnazija.hr\/wp-content\/uploads\/2022\/09\/ivana-zovko-300x300.jpg\" alt=\"\" width=\"300\" height=\"300\" srcset=\"https:\/\/katolicka-gimnazija.hr\/wp-content\/uploads\/2022\/09\/ivana-zovko-300x300.jpg 300w, https:\/\/katolicka-gimnazija.hr\/wp-content\/uploads\/2022\/09\/ivana-zovko-1024x1024.jpg 1024w, https:\/\/katolicka-gimnazija.hr\/wp-content\/uploads\/2022\/09\/ivana-zovko-150x150.jpg 150w, https:\/\/katolicka-gimnazija.hr\/wp-content\/uploads\/2022\/09\/ivana-zovko-768x768.jpg 768w, https:\/\/katolicka-gimnazija.hr\/wp-content\/uploads\/2022\/09\/ivana-zovko-1536x1536.jpg 1536w, https:\/\/katolicka-gimnazija.hr\/wp-content\/uploads\/2022\/09\/ivana-zovko.jpg 1920w\" sizes=\"auto, (max-width: 300px) 100vw, 300px\" \/><br \/>\n<strong><br \/>\n<\/strong>Ivana Zovko<\/h2>\n<p>magistra pedagogije i engleskog jezika<\/p>\n<p>034 \/ 312 087 (radnim danima od 8:00 do 12:00 sati)<\/p>\n<p>&nbsp;<\/p>\n<\/div><\/div>\n","protected":false},"excerpt":{"rendered":"<p>Katoli\u010dka gimnazija s pravom javnosti u Po\u017eegi Adresa sjedi\u0161ta: 34000 Po\u017eega, Pape Ivana Pavla II. 6 Zbornica \u0161kole: 034\/312-095<\/p>\n","protected":false},"author":1,"featured_media":0,"parent":8,"menu_order":0,"comment_status":"closed","ping_status":"closed","template":"","meta":{"footnotes":""},"class_list":["post-366","page","type-page","status-publish","hentry"],"_links":{"self":[{"href":"https:\/\/katolicka-gimnazija.hr\/index.php\/wp-json\/wp\/v2\/pages\/366","targetHints":{"allow":["GET"]}}],"collection":[{"href":"https:\/\/katolicka-gimnazija.hr\/index.php\/wp-json\/wp\/v2\/pages"}],"about":[{"href":"https:\/\/katolicka-gimnazija.hr\/index.php\/wp-json\/wp\/v2\/types\/page"}],"author":[{"embeddable":true,"href":"https:\/\/katolicka-gimnazija.hr\/index.php\/wp-json\/wp\/v2\/users\/1"}],"replies":[{"embeddable":true,"href":"https:\/\/katolicka-gimnazija.hr\/index.php\/wp-json\/wp\/v2\/comments?post=366"}],"version-history":[{"count":46,"href":"https:\/\/katolicka-gimnazija.hr\/index.php\/wp-json\/wp\/v2\/pages\/366\/revisions"}],"predecessor-version":[{"id":32049,"href":"https:\/\/katolicka-gimnazija.hr\/index.php\/wp-json\/wp\/v2\/pages\/366\/revisions\/32049"}],"up":[{"embeddable":true,"href":"https:\/\/katolicka-gimnazija.hr\/index.php\/wp-json\/wp\/v2\/pages\/8"}],"wp:attachment":[{"href":"https:\/\/katolicka-gimnazija.hr\/index.php\/wp-json\/wp\/v2\/media?parent=366"}],"curies":[{"name":"wp","href":"https:\/\/api.w.org\/{rel}","templated":true}]}}