{"id":389,"date":"2015-09-22T10:49:35","date_gmt":"2015-09-22T10:49:35","guid":{"rendered":"http:\/\/katolicka-gimnazija.hr\/?page_id=389"},"modified":"2025-01-08T11:00:56","modified_gmt":"2025-01-08T10:00:56","slug":"pomocno-tehnicko-osoblje","status":"publish","type":"page","link":"https:\/\/katolicka-gimnazija.hr\/index.php\/o-skoli\/djelatnici-i-kontakti\/pomocno-tehnicko-osoblje\/","title":{"rendered":"Tehni\u010dko-pomo\u0107no osoblje"},"content":{"rendered":"<div class=\"su-spoiler su-spoiler-style-simple su-spoiler-icon-plus\" data-scroll-offset=\"0\" data-anchor-in-url=\"no\"><div class=\"su-spoiler-title\" tabindex=\"0\" role=\"button\"><span class=\"su-spoiler-icon\"><\/span>DOMAR<\/div><div class=\"su-spoiler-content su-u-clearfix su-u-trim\">\n<h2><img loading=\"lazy\" decoding=\"async\" class=\"alignleft size-medium wp-image-141\" src=\"http:\/\/katolicka-gimnazija.hr\/wp-content\/uploads\/2015\/09\/Vlado-300x300.jpg\" alt=\"Vlado Bo\u0161njakovi\u0107, domar\" width=\"300\" height=\"300\" srcset=\"https:\/\/katolicka-gimnazija.hr\/wp-content\/uploads\/2015\/09\/Vlado-300x300.jpg 300w, https:\/\/katolicka-gimnazija.hr\/wp-content\/uploads\/2015\/09\/Vlado-768x768.jpg 768w, https:\/\/katolicka-gimnazija.hr\/wp-content\/uploads\/2015\/09\/Vlado-150x150.jpg 150w, https:\/\/katolicka-gimnazija.hr\/wp-content\/uploads\/2015\/09\/Vlado-1024x1024.jpg 1024w, https:\/\/katolicka-gimnazija.hr\/wp-content\/uploads\/2015\/09\/Vlado-360x360.jpg 360w, https:\/\/katolicka-gimnazija.hr\/wp-content\/uploads\/2015\/09\/Vlado-750x750.jpg 750w, https:\/\/katolicka-gimnazija.hr\/wp-content\/uploads\/2015\/09\/Vlado-400x400.jpg 400w, https:\/\/katolicka-gimnazija.hr\/wp-content\/uploads\/2015\/09\/Vlado-430x430.jpg 430w, https:\/\/katolicka-gimnazija.hr\/wp-content\/uploads\/2015\/09\/Vlado-100x100.jpg 100w, https:\/\/katolicka-gimnazija.hr\/wp-content\/uploads\/2015\/09\/Vlado.jpg 1200w\" sizes=\"auto, (max-width: 300px) 100vw, 300px\" \/><br \/>\n<strong><\/strong>Vlado Bo\u0161njakovi\u0107<\/h2>\n<p>prodava\u010d<\/p>\n<\/div><\/div>\n<div class=\"su-spoiler su-spoiler-style-simple su-spoiler-icon-plus\" data-scroll-offset=\"0\" data-anchor-in-url=\"no\"><div class=\"su-spoiler-title\" tabindex=\"0\" role=\"button\"><span class=\"su-spoiler-icon\"><\/span>SPREMA\u010cICE<\/div><div class=\"su-spoiler-content su-u-clearfix su-u-trim\">\n<h2><img loading=\"lazy\" decoding=\"async\" class=\"alignleft size-medium wp-image-120\" src=\"http:\/\/katolicka-gimnazija.hr\/wp-content\/uploads\/2015\/09\/Cistacica-300x300.jpg\" alt=\"Mateja Drinovac, sprema\u010dica\" width=\"300\" height=\"300\" srcset=\"https:\/\/katolicka-gimnazija.hr\/wp-content\/uploads\/2015\/09\/Cistacica-300x300.jpg 300w, https:\/\/katolicka-gimnazija.hr\/wp-content\/uploads\/2015\/09\/Cistacica-768x768.jpg 768w, https:\/\/katolicka-gimnazija.hr\/wp-content\/uploads\/2015\/09\/Cistacica-150x150.jpg 150w, https:\/\/katolicka-gimnazija.hr\/wp-content\/uploads\/2015\/09\/Cistacica-1024x1024.jpg 1024w, https:\/\/katolicka-gimnazija.hr\/wp-content\/uploads\/2015\/09\/Cistacica-360x360.jpg 360w, https:\/\/katolicka-gimnazija.hr\/wp-content\/uploads\/2015\/09\/Cistacica-750x750.jpg 750w, https:\/\/katolicka-gimnazija.hr\/wp-content\/uploads\/2015\/09\/Cistacica-400x400.jpg 400w, https:\/\/katolicka-gimnazija.hr\/wp-content\/uploads\/2015\/09\/Cistacica-430x430.jpg 430w, https:\/\/katolicka-gimnazija.hr\/wp-content\/uploads\/2015\/09\/Cistacica-100x100.jpg 100w, https:\/\/katolicka-gimnazija.hr\/wp-content\/uploads\/2015\/09\/Cistacica.jpg 1200w\" sizes=\"auto, (max-width: 300px) 100vw, 300px\" \/><strong><br \/>\n<\/strong>Mateja Drinovac<\/h2>\n<p>op\u0107a gimnazija<\/p>\n<p>&nbsp;<\/p>\n<h2><img loading=\"lazy\" decoding=\"async\" class=\"alignleft size-medium wp-image-136\" src=\"http:\/\/katolicka-gimnazija.hr\/wp-content\/uploads\/2015\/09\/Nena-Svjetli--ic-300x300.jpg\" alt=\"Nena Svjetli\u010di\u0107\" width=\"300\" height=\"300\" srcset=\"https:\/\/katolicka-gimnazija.hr\/wp-content\/uploads\/2015\/09\/Nena-Svjetli--ic-300x300.jpg 300w, https:\/\/katolicka-gimnazija.hr\/wp-content\/uploads\/2015\/09\/Nena-Svjetli--ic-768x768.jpg 768w, https:\/\/katolicka-gimnazija.hr\/wp-content\/uploads\/2015\/09\/Nena-Svjetli--ic-150x150.jpg 150w, https:\/\/katolicka-gimnazija.hr\/wp-content\/uploads\/2015\/09\/Nena-Svjetli--ic-1024x1024.jpg 1024w, https:\/\/katolicka-gimnazija.hr\/wp-content\/uploads\/2015\/09\/Nena-Svjetli--ic-360x360.jpg 360w, https:\/\/katolicka-gimnazija.hr\/wp-content\/uploads\/2015\/09\/Nena-Svjetli--ic-750x750.jpg 750w, https:\/\/katolicka-gimnazija.hr\/wp-content\/uploads\/2015\/09\/Nena-Svjetli--ic-400x400.jpg 400w, https:\/\/katolicka-gimnazija.hr\/wp-content\/uploads\/2015\/09\/Nena-Svjetli--ic-430x430.jpg 430w, https:\/\/katolicka-gimnazija.hr\/wp-content\/uploads\/2015\/09\/Nena-Svjetli--ic-100x100.jpg 100w, https:\/\/katolicka-gimnazija.hr\/wp-content\/uploads\/2015\/09\/Nena-Svjetli--ic.jpg 1200w\" sizes=\"auto, (max-width: 300px) 100vw, 300px\" \/><strong><br \/>\n<\/strong>Nena Svjetli\u010di\u0107<\/h2>\n<p>prodava\u010d<\/p>\n<\/div><\/div>\n","protected":false},"excerpt":{"rendered":"DOMAR Vlado Bo\u0161njakovi\u0107 prodava\u010d SPREMA\u010cICE Mateja Drinovac op\u0107a gimnazija &nbsp; Nena Svjetli\u010di\u0107 prodava\u010d","protected":false},"author":1,"featured_media":0,"parent":8,"menu_order":0,"comment_status":"closed","ping_status":"closed","template":"","meta":{"footnotes":""},"class_list":["post-389","page","type-page","status-publish","hentry"],"_links":{"self":[{"href":"https:\/\/katolicka-gimnazija.hr\/index.php\/wp-json\/wp\/v2\/pages\/389","targetHints":{"allow":["GET"]}}],"collection":[{"href":"https:\/\/katolicka-gimnazija.hr\/index.php\/wp-json\/wp\/v2\/pages"}],"about":[{"href":"https:\/\/katolicka-gimnazija.hr\/index.php\/wp-json\/wp\/v2\/types\/page"}],"author":[{"embeddable":true,"href":"https:\/\/katolicka-gimnazija.hr\/index.php\/wp-json\/wp\/v2\/users\/1"}],"replies":[{"embeddable":true,"href":"https:\/\/katolicka-gimnazija.hr\/index.php\/wp-json\/wp\/v2\/comments?post=389"}],"version-history":[{"count":11,"href":"https:\/\/katolicka-gimnazija.hr\/index.php\/wp-json\/wp\/v2\/pages\/389\/revisions"}],"predecessor-version":[{"id":32059,"href":"https:\/\/katolicka-gimnazija.hr\/index.php\/wp-json\/wp\/v2\/pages\/389\/revisions\/32059"}],"up":[{"embeddable":true,"href":"https:\/\/katolicka-gimnazija.hr\/index.php\/wp-json\/wp\/v2\/pages\/8"}],"wp:attachment":[{"href":"https:\/\/katolicka-gimnazija.hr\/index.php\/wp-json\/wp\/v2\/media?parent=389"}],"curies":[{"name":"wp","href":"https:\/\/api.w.org\/{rel}","templated":true}]}}