{"id":399,"date":"2015-09-22T15:58:10","date_gmt":"2015-09-22T15:58:10","guid":{"rendered":"http:\/\/katolicka-gimnazija.hr\/?page_id=399"},"modified":"2015-09-22T15:58:10","modified_gmt":"2015-09-22T15:58:10","slug":"rijec-ravnatelja","status":"publish","type":"page","link":"https:\/\/katolicka-gimnazija.hr\/index.php\/rijec-ravnatelja\/","title":{"rendered":"Rije\u010d Ravnatelja"},"content":{"rendered":"<figure id=\"attachment_125\" aria-describedby=\"caption-attachment-125\" style=\"width: 300px\" class=\"wp-caption alignleft\"><img loading=\"lazy\" decoding=\"async\" class=\"wp-image-125 size-medium\" src=\"http:\/\/katolicka-gimnazija.hr\/wp-content\/uploads\/2015\/09\/Ivica-Bedeni--ic-300x300.jpg\" alt=\"Prof. latinskog i gr\u010dkog jezika\" width=\"300\" height=\"300\" srcset=\"https:\/\/katolicka-gimnazija.hr\/wp-content\/uploads\/2015\/09\/Ivica-Bedeni--ic-300x300.jpg 300w, https:\/\/katolicka-gimnazija.hr\/wp-content\/uploads\/2015\/09\/Ivica-Bedeni--ic-768x768.jpg 768w, https:\/\/katolicka-gimnazija.hr\/wp-content\/uploads\/2015\/09\/Ivica-Bedeni--ic-150x150.jpg 150w, https:\/\/katolicka-gimnazija.hr\/wp-content\/uploads\/2015\/09\/Ivica-Bedeni--ic-1024x1024.jpg 1024w, https:\/\/katolicka-gimnazija.hr\/wp-content\/uploads\/2015\/09\/Ivica-Bedeni--ic-360x360.jpg 360w, https:\/\/katolicka-gimnazija.hr\/wp-content\/uploads\/2015\/09\/Ivica-Bedeni--ic-750x750.jpg 750w, https:\/\/katolicka-gimnazija.hr\/wp-content\/uploads\/2015\/09\/Ivica-Bedeni--ic-400x400.jpg 400w, https:\/\/katolicka-gimnazija.hr\/wp-content\/uploads\/2015\/09\/Ivica-Bedeni--ic-430x430.jpg 430w, https:\/\/katolicka-gimnazija.hr\/wp-content\/uploads\/2015\/09\/Ivica-Bedeni--ic-100x100.jpg 100w, https:\/\/katolicka-gimnazija.hr\/wp-content\/uploads\/2015\/09\/Ivica-Bedeni--ic.jpg 1200w\" sizes=\"auto, (max-width: 300px) 100vw, 300px\" \/><figcaption id=\"caption-attachment-125\" class=\"wp-caption-text\">Ravnatelj Ivica Bedeni\u010di\u0107<\/figcaption><\/figure>\n<p>Cijenjeni roditelji!<\/p>\n<p>Prije svega hvala vam \u0161to imate povjerenja u ovu \u0161kolu i njeno nastojanje da, zajedno s vama, formiramo duh i intelekt va\u0161e djece. Hvala vam \u0161to vjerujete da su upravo katoli\u010dka na\u010dela, na\u010dela i na\u0161ih \u017eivota i ove \u0161kole, izazov ne samo u ovom vremenu. Svjesni smo toga, da nije lako. Svjedoci neima\u0161tine, materijalne i duhovne, stalno na vjetrometini svakida\u0161nje nesigurnosti, \u010desto izrugivani i poni\u017eavani, ustrajmo na svojim na\u010delima, budimo sol zemlje, svjetlo svijeta. Vjerujem da \u0107emo jednog dana biti nagra\u0111eni \u201elicem u lice\u201c, ali i onim dnevnim uspjesima koje ponekad ne vidimo ili pak, ljudski gledaju\u0107i, predugo \u010dekamo.<\/p>\n<p>Mi vas u \u0161koli trebamo kao potporu i partnere. Trebamo va\u0161e znanje i iskustvo, ali nadasve va\u0161e dnevno svjedo\u010denje. Va\u0161u spremnost da poka\u017eemo svijetu da se isplati rad i po\u0161tenje, \u010destitost i po\u017ertvovnost. Nadam se da \u0107emo uzajamnim trudom pomo\u0107i i va\u0161oj i na\u0161oj djeci. Volio bih naglasiti da ovu \u0161kolu \u010dinimo zajedno \u2013 vi i djeca, profesori, stru\u010dno i pomo\u0107no osoblje u posebnoj pa\u017enji na\u0161eg biskupa. I va\u017eni smo svi \u2013 svaki u svom poslanju i svaki sa svojim talentima i obavezama. Tek tada postajemo zajednica, kr\u0161\u0107anska zajednica \u2013 kako nas u\u010de crkveni dokumenti. Kada nismo mi, nema drugih. Kada mi ne \u010dinimo, nitko drugi ne\u0107e \u010diniti. Ako se mi ne dr\u017eimo zajedno \u2013 nema zajednice! Zalud nam prostori i oprema, zaludu stru\u010dne i manje stru\u010dne kvalifikacije.<\/p>\n<p>O\u010dekujemo red i rad u \u0161koli. O\u010dekujemo i ljubav i odanost i po\u017ertvovnost svih. I spremni smo to pru\u017eati i pru\u017eamo, a vas molimo da to prepoznajete i da nam u tome i poma\u017eete i sugerirate. Va\u0161e te\u0161ko\u0107e jesu i na\u0161e te\u0161ko\u0107e, va\u0161a uznemirenost jest i na\u0161 nemir&#8230; Shvatite da preko djece dijelimo i dobro i zlo, radost i tugu. I zato vas pozivamo da u tom procesu budemo jedno.<\/p>\n<p>\u017delja nam je i smatramo da je potrebno da barem jednom tjedno posjetite portal na\u0161e \u0161kole, a i da koristite mogu\u0107nosti e-dnevnika. Portali \u0161kole i biskupije uputit \u0107e vas i u ona zbivanja za koja biste morali prona\u0107i vremena. Za razli\u010dita slavlja, obljetnice i doga\u0111aje za koje se danima pripremamo, kuhamo, peremo i spremamo, nabavljamo sve\u010dano ruho uvijek imamo vremena, a kada treba do\u0107i na predstavu svoga djeteta, na zajedni\u010dku molitvu, misu ili neku drugu priliku \u2013 kao da je na\u0161a du\u017enost na tom planu nestala izlaskom iz osnovne \u0161kole. Potrebni ste im i dalje! I ne samo kao vrebatelji izostanaka i lo\u0161ih ocjena, nego kao suputnici koji ohrabruju, savjetuju i podr\u017eavaju. Mnoge se stvari dadu naknadno urediti, ali jednom kada oti\u0111u iz gimnazijskih klupa \u2013 budite svjesni \u2013 ne\u0107e vam se vra\u0107ati kao djeca nego kao odrasli ljudi. Budite uz njih u tom vremenu zadnjeg djetinstva \u2013 u bitnim trenucima \u2013 onima koji to jesu i na prvi pogled, ali i onima koji to nisu, a njima su preva\u017eni!<\/p>\n<p>Neka nas sve \u010duva i sa\u010duva na\u0161 Gospodin!<\/p>\n<p style=\"text-align: right;\"><em>Ravnatelj<\/em><\/p>\n","protected":false},"excerpt":{"rendered":"<p>Cijenjeni roditelji! Prije svega hvala vam \u0161to imate povjerenja u ovu \u0161kolu i njeno nastojanje da, zajedno s vama, formiramo duh i intelekt va\u0161e djece. Hvala vam \u0161to vjerujete da su upravo katoli\u010dka na\u010dela, na\u010dela i na\u0161ih \u017eivota i ove \u0161kole, izazov ne samo u ovom vremenu. Svjesni smo toga, da nije lako. Svjedoci neima\u0161tine, [&hellip;]<\/p>\n","protected":false},"author":1,"featured_media":0,"parent":0,"menu_order":0,"comment_status":"closed","ping_status":"closed","template":"","meta":{"footnotes":""},"class_list":["post-399","page","type-page","status-publish","hentry"],"_links":{"self":[{"href":"https:\/\/katolicka-gimnazija.hr\/index.php\/wp-json\/wp\/v2\/pages\/399","targetHints":{"allow":["GET"]}}],"collection":[{"href":"https:\/\/katolicka-gimnazija.hr\/index.php\/wp-json\/wp\/v2\/pages"}],"about":[{"href":"https:\/\/katolicka-gimnazija.hr\/index.php\/wp-json\/wp\/v2\/types\/page"}],"author":[{"embeddable":true,"href":"https:\/\/katolicka-gimnazija.hr\/index.php\/wp-json\/wp\/v2\/users\/1"}],"replies":[{"embeddable":true,"href":"https:\/\/katolicka-gimnazija.hr\/index.php\/wp-json\/wp\/v2\/comments?post=399"}],"version-history":[{"count":1,"href":"https:\/\/katolicka-gimnazija.hr\/index.php\/wp-json\/wp\/v2\/pages\/399\/revisions"}],"predecessor-version":[{"id":400,"href":"https:\/\/katolicka-gimnazija.hr\/index.php\/wp-json\/wp\/v2\/pages\/399\/revisions\/400"}],"wp:attachment":[{"href":"https:\/\/katolicka-gimnazija.hr\/index.php\/wp-json\/wp\/v2\/media?parent=399"}],"curies":[{"name":"wp","href":"https:\/\/api.w.org\/{rel}","templated":true}]}}