{"id":403,"date":"2015-09-22T16:03:44","date_gmt":"2015-09-22T16:03:44","guid":{"rendered":"http:\/\/katolicka-gimnazija.hr\/?page_id=403"},"modified":"2016-05-24T11:12:38","modified_gmt":"2016-05-24T11:12:38","slug":"rijec-ravnatelja","status":"publish","type":"page","link":"https:\/\/katolicka-gimnazija.hr\/index.php\/o-skoli\/rijec-ravnatelja\/","title":{"rendered":"Rije\u010d Ravnatelja"},"content":{"rendered":"<figure id=\"attachment_125\" aria-describedby=\"caption-attachment-125\" style=\"width: 300px\" class=\"wp-caption alignleft\"><img loading=\"lazy\" decoding=\"async\" class=\"size-medium wp-image-125\" src=\"http:\/\/katolicka-gimnazija.hr\/wp-content\/uploads\/2015\/09\/Ivica-Bedeni--ic-300x300.jpg\" alt=\"Prof. latinskog i gr\u010dkog jezika\" width=\"300\" height=\"300\" srcset=\"https:\/\/katolicka-gimnazija.hr\/wp-content\/uploads\/2015\/09\/Ivica-Bedeni--ic-300x300.jpg 300w, https:\/\/katolicka-gimnazija.hr\/wp-content\/uploads\/2015\/09\/Ivica-Bedeni--ic-768x768.jpg 768w, https:\/\/katolicka-gimnazija.hr\/wp-content\/uploads\/2015\/09\/Ivica-Bedeni--ic-150x150.jpg 150w, https:\/\/katolicka-gimnazija.hr\/wp-content\/uploads\/2015\/09\/Ivica-Bedeni--ic-1024x1024.jpg 1024w, https:\/\/katolicka-gimnazija.hr\/wp-content\/uploads\/2015\/09\/Ivica-Bedeni--ic-360x360.jpg 360w, https:\/\/katolicka-gimnazija.hr\/wp-content\/uploads\/2015\/09\/Ivica-Bedeni--ic-750x750.jpg 750w, https:\/\/katolicka-gimnazija.hr\/wp-content\/uploads\/2015\/09\/Ivica-Bedeni--ic-400x400.jpg 400w, https:\/\/katolicka-gimnazija.hr\/wp-content\/uploads\/2015\/09\/Ivica-Bedeni--ic-430x430.jpg 430w, https:\/\/katolicka-gimnazija.hr\/wp-content\/uploads\/2015\/09\/Ivica-Bedeni--ic-100x100.jpg 100w, https:\/\/katolicka-gimnazija.hr\/wp-content\/uploads\/2015\/09\/Ivica-Bedeni--ic.jpg 1200w\" sizes=\"auto, (max-width: 300px) 100vw, 300px\" \/><figcaption id=\"caption-attachment-125\" class=\"wp-caption-text\">Prof. latinskog i gr\u010dkog jezika<\/figcaption><\/figure>\n<p><strong>Neka nam ljubav ra\u0111a ljubav<\/strong><\/p>\n<p><em>\u201eDragi u\u010denici, gimnazijalci, posebno vi koji ste ju\u010der stupili po prvi puta u gimnazijske klupe, cijenjeni maturanti, profesori, upravo \u0161kole i svi ostali slu\u017ebenici, laudetur Jesus Christus! \u017delim vam prije svega poru\u010diti \u2013 dobrodo\u0161li u na\u0161u zajednicu! Dobro se u njoj osje\u0107ali i bili na radost i ponos i va\u0161ih roditelja i domovine i crkve! <\/em><\/p>\n<p><em>Citirat \u0107u za po\u010detak svevremenog Horacija koji u svojim epistolama ka\u017ee: \u201eDimidium facti qui coepit habet.\u201c \u201ePolovicu djela, onaj koji je zapo\u010deo, ve\u0107 ima\u201c. Zapo\u010deli ste, posebno vi u prvom razredu, ali i svi ostali na neki drugi na\u010din, putovanje \u010dije \u0107e dionice ostati do\u017eivotno u va\u0161em pam\u0107enju. Gledajte da te etape iz perspektive va\u0161e vlastite budu\u0107nosti budu vrijeme dobro i lijepo i korisno provedeno. Ne zaboravite da na tom putu imate mo\u0107nog i tihog, uvijek prisutnog u ti\u0161ini i sabranosti posebno \u010dujnog na\u0161eg ljubitelja i gospodina Isusa Krista. <\/em><\/p>\n<p><em>Zaklju\u010dio bih parafrazom poznate gr\u010dke re\u010denice kojom smo nekada zapo\u010dinjali: \u201eBia bian tiktei.\u201c \u201eSila silu ra\u0111a.\u201c A ja bih to okrenuo \u2013 \u201eHaris harin tiktei!\u201c \u201eNeka nam ljubav ra\u0111a ljubav!\u201c Neka nam dobro\u010dinstvo, me\u0111usobna sno\u0161ljivost, me\u0111usobna fino\u0107a, ugla\u0111enost ra\u0111a ugla\u0111eno\u0161\u0107u! Vi stariji budite u tome primjerom mla\u0111ima, a vi mla\u0111i nadme\u0107ite se sa starijima u tome. To \u0107e biti zajednica.\u201c<\/em><\/p>\n","protected":false},"excerpt":{"rendered":"<p>Neka nam ljubav ra\u0111a ljubav \u201eDragi u\u010denici, gimnazijalci, posebno vi koji ste ju\u010der stupili po prvi puta u gimnazijske klupe, cijenjeni maturanti, profesori, upravo \u0161kole i svi ostali slu\u017ebenici, laudetur Jesus Christus! \u017delim vam prije svega poru\u010diti \u2013 dobrodo\u0161li u na\u0161u zajednicu! Dobro se u njoj osje\u0107ali i bili na radost i ponos i va\u0161ih [&hellip;]<\/p>\n","protected":false},"author":1,"featured_media":0,"parent":6,"menu_order":0,"comment_status":"closed","ping_status":"closed","template":"","meta":{"footnotes":""},"class_list":["post-403","page","type-page","status-publish","hentry"],"_links":{"self":[{"href":"https:\/\/katolicka-gimnazija.hr\/index.php\/wp-json\/wp\/v2\/pages\/403","targetHints":{"allow":["GET"]}}],"collection":[{"href":"https:\/\/katolicka-gimnazija.hr\/index.php\/wp-json\/wp\/v2\/pages"}],"about":[{"href":"https:\/\/katolicka-gimnazija.hr\/index.php\/wp-json\/wp\/v2\/types\/page"}],"author":[{"embeddable":true,"href":"https:\/\/katolicka-gimnazija.hr\/index.php\/wp-json\/wp\/v2\/users\/1"}],"replies":[{"embeddable":true,"href":"https:\/\/katolicka-gimnazija.hr\/index.php\/wp-json\/wp\/v2\/comments?post=403"}],"version-history":[{"count":5,"href":"https:\/\/katolicka-gimnazija.hr\/index.php\/wp-json\/wp\/v2\/pages\/403\/revisions"}],"predecessor-version":[{"id":5585,"href":"https:\/\/katolicka-gimnazija.hr\/index.php\/wp-json\/wp\/v2\/pages\/403\/revisions\/5585"}],"up":[{"embeddable":true,"href":"https:\/\/katolicka-gimnazija.hr\/index.php\/wp-json\/wp\/v2\/pages\/6"}],"wp:attachment":[{"href":"https:\/\/katolicka-gimnazija.hr\/index.php\/wp-json\/wp\/v2\/media?parent=403"}],"curies":[{"name":"wp","href":"https:\/\/api.w.org\/{rel}","templated":true}]}}