{"id":557,"date":"2015-09-26T20:50:55","date_gmt":"2015-09-26T20:50:55","guid":{"rendered":"http:\/\/katolicka-gimnazija.hr\/?page_id=557"},"modified":"2019-03-18T23:02:05","modified_gmt":"2019-03-18T23:02:05","slug":"aktivnosti","status":"publish","type":"page","link":"https:\/\/katolicka-gimnazija.hr\/index.php\/aktivnosti\/","title":{"rendered":"Aktivnosti"},"content":{"rendered":"[vc_row][vc_column][vc_column_text]Radi zadovoljavanja razli\u010ditih potreba i interesa u\u010denika, \u0160kola organizira posebne izvannastavne aktivnosti.<br \/>\nIzvannastavne aktivnosti nisu obvezni dio u\u010denikova optere\u0107enja, ali se mogu priznati u\u010denicima kao ispunjavanje obveza u \u0160koli.<br \/>\nIzvannastavne aktivnosti pru\u017eaju mogu\u0107nost samopotvr\u0111ivanja djece u raznim podru\u010djima, poti\u010du zdrave odnose me\u0111u \u010dlanovima grupe, osje\u0107aj pripadnosti i ispunjenosti.[\/vc_column_text][\/vc_column][\/vc_row]\n","protected":false},"excerpt":{"rendered":"<p>[vc_row][vc_column][vc_column_text]Radi zadovoljavanja razli\u010ditih potreba i interesa u\u010denika, \u0160kola organizira posebne izvannastavne aktivnosti. Izvannastavne aktivnosti nisu obvezni dio u\u010denikova optere\u0107enja, ali se mogu priznati u\u010denicima kao ispunjavanje obveza u \u0160koli. Izvannastavne aktivnosti pru\u017eaju mogu\u0107nost samopotvr\u0111ivanja djece u raznim podru\u010djima, poti\u010du zdrave odnose me\u0111u \u010dlanovima grupe, osje\u0107aj pripadnosti i ispunjenosti.[\/vc_column_text][\/vc_column][\/vc_row]<\/p>\n","protected":false},"author":1,"featured_media":0,"parent":0,"menu_order":0,"comment_status":"closed","ping_status":"closed","template":"","meta":{"footnotes":""},"class_list":["post-557","page","type-page","status-publish","hentry"],"_links":{"self":[{"href":"https:\/\/katolicka-gimnazija.hr\/index.php\/wp-json\/wp\/v2\/pages\/557","targetHints":{"allow":["GET"]}}],"collection":[{"href":"https:\/\/katolicka-gimnazija.hr\/index.php\/wp-json\/wp\/v2\/pages"}],"about":[{"href":"https:\/\/katolicka-gimnazija.hr\/index.php\/wp-json\/wp\/v2\/types\/page"}],"author":[{"embeddable":true,"href":"https:\/\/katolicka-gimnazija.hr\/index.php\/wp-json\/wp\/v2\/users\/1"}],"replies":[{"embeddable":true,"href":"https:\/\/katolicka-gimnazija.hr\/index.php\/wp-json\/wp\/v2\/comments?post=557"}],"version-history":[{"count":21,"href":"https:\/\/katolicka-gimnazija.hr\/index.php\/wp-json\/wp\/v2\/pages\/557\/revisions"}],"predecessor-version":[{"id":15980,"href":"https:\/\/katolicka-gimnazija.hr\/index.php\/wp-json\/wp\/v2\/pages\/557\/revisions\/15980"}],"wp:attachment":[{"href":"https:\/\/katolicka-gimnazija.hr\/index.php\/wp-json\/wp\/v2\/media?parent=557"}],"curies":[{"name":"wp","href":"https:\/\/api.w.org\/{rel}","templated":true}]}}