{"id":561,"date":"2015-09-26T20:56:20","date_gmt":"2015-09-26T20:56:20","guid":{"rendered":"http:\/\/katolicka-gimnazija.hr\/?page_id=561"},"modified":"2019-03-10T23:29:35","modified_gmt":"2019-03-10T23:29:35","slug":"novinarska-grupa","status":"publish","type":"page","link":"https:\/\/katolicka-gimnazija.hr\/index.php\/aktivnosti\/novinarska-grupa\/","title":{"rendered":"Novinarska grupa"},"content":{"rendered":"<p><strong>CILJ AKTIVNOSTI<\/strong><\/p>\n<ul>\n<li>poticati u\u010deni\u010dko novinarsko stvarala\u0161tvo, osobito u\u010denike posebnih sklonosti, sposobnosti i kreativnosti (pisanje, grafi\u010dki dizajn, fotografija)<\/li>\n<li>pratiti, poticati i razvijati posebne publicisti\u010dke vrste (intervju, reporta\u017ea, crtica, feljton, kratka pri\u010da\u2026)<\/li>\n<li>informirati ostale u\u010denike i javnost o doga\u0111ajima u \u0161koli i izvan nje,<\/li>\n<li>sudjelovanje u ure\u0111enju mre\u017enih stranica \u0161kole<\/li>\n<li>tiskanje \u0161kolskog lista<\/li>\n<\/ul>\n<p><strong>NAMJENA<\/strong><\/p>\n<ul>\n<li>u\u010denici od 1. do 4. razreda, dobrovoljno, prema interesu u\u010denika (novinari, informati\u010dari, dizajneri, fotografi, lektori\u2026)<\/li>\n<li>motiviranje u\u010denika koji imaju iskustvo novinarskog rada u osnovnoj \u0161koli<\/li>\n<\/ul>\n<p><strong>NOSITELJI<\/strong><\/p>\n<ul>\n<li>voditelj: Miroslav Pauli\u0107, prof.<\/li>\n<li>suradnici: vl\u010d. Marijan Paveli\u0107 i Sanja Pr\u0161a, prof.<\/li>\n<\/ul>\n<p><strong>NA\u010cIN REALIZACIJE<\/strong><\/p>\n<ul>\n<li>dono\u0161enje detaljnog plana realizacije programa novinarske grupe za \u0161kolsku godinu (formiranje novinarske grupe, izbor uredni\u0161tva, podjela zadu\u017eenja)<\/li>\n<li>sastajanje grupe, izvan nastave, u prostorima \u0160kole, jednom u tjednu, a prema potrebi i \u010de\u0161\u0107e<\/li>\n<li>odabir i obrada odgovaraju\u0107eg sadr\u017eaja<\/li>\n<li>komunikacija \u010dlanova grupe internetskom po\u0161tom<\/li>\n<\/ul>\n<p><strong>VREMENIK AKTIVNOSTI<\/strong><\/p>\n<ul>\n<li>tijekom nastavne godine<\/li>\n<li>2 sata tjedno<\/li>\n<li>70 sati godi\u0161nje<\/li>\n<\/ul>\n<div id='gallery-1' class='gallery galleryid-561 gallery-columns-3 gallery-size-medium'><figure class='gallery-item'>\n\t\t\t<div class='gallery-icon landscape'>\n\t\t\t\t<a href='https:\/\/katolicka-gimnazija.hr\/index.php\/aktivnosti\/novinarska-grupa\/nauteea\/'><img loading=\"lazy\" decoding=\"async\" width=\"300\" height=\"200\" src=\"https:\/\/katolicka-gimnazija.hr\/wp-content\/uploads\/2015\/09\/Nauteea-300x200.jpg\" class=\"attachment-medium size-medium\" alt=\"\" srcset=\"https:\/\/katolicka-gimnazija.hr\/wp-content\/uploads\/2015\/09\/Nauteea-300x200.jpg 300w, https:\/\/katolicka-gimnazija.hr\/wp-content\/uploads\/2015\/09\/Nauteea-768x512.jpg 768w, https:\/\/katolicka-gimnazija.hr\/wp-content\/uploads\/2015\/09\/Nauteea-400x267.jpg 400w, https:\/\/katolicka-gimnazija.hr\/wp-content\/uploads\/2015\/09\/Nauteea-360x240.jpg 360w, https:\/\/katolicka-gimnazija.hr\/wp-content\/uploads\/2015\/09\/Nauteea-750x500.jpg 750w, https:\/\/katolicka-gimnazija.hr\/wp-content\/uploads\/2015\/09\/Nauteea-430x287.jpg 430w, https:\/\/katolicka-gimnazija.hr\/wp-content\/uploads\/2015\/09\/Nauteea-150x100.jpg 150w, https:\/\/katolicka-gimnazija.hr\/wp-content\/uploads\/2015\/09\/Nauteea-100x67.jpg 100w, https:\/\/katolicka-gimnazija.hr\/wp-content\/uploads\/2015\/09\/Nauteea.jpg 960w\" sizes=\"auto, (max-width: 300px) 100vw, 300px\" \/><\/a>\n\t\t\t<\/div><\/figure><figure class='gallery-item'>\n\t\t\t<div class='gallery-icon landscape'>\n\t\t\t\t<a href='https:\/\/katolicka-gimnazija.hr\/index.php\/aktivnosti\/novinarska-grupa\/nautes2\/'><img loading=\"lazy\" decoding=\"async\" width=\"300\" height=\"200\" src=\"https:\/\/katolicka-gimnazija.hr\/wp-content\/uploads\/2015\/09\/Nautes2-300x200.jpg\" class=\"attachment-medium size-medium\" alt=\"\" srcset=\"https:\/\/katolicka-gimnazija.hr\/wp-content\/uploads\/2015\/09\/Nautes2-300x200.jpg 300w, https:\/\/katolicka-gimnazija.hr\/wp-content\/uploads\/2015\/09\/Nautes2-768x512.jpg 768w, https:\/\/katolicka-gimnazija.hr\/wp-content\/uploads\/2015\/09\/Nautes2-400x267.jpg 400w, https:\/\/katolicka-gimnazija.hr\/wp-content\/uploads\/2015\/09\/Nautes2-360x240.jpg 360w, https:\/\/katolicka-gimnazija.hr\/wp-content\/uploads\/2015\/09\/Nautes2-750x500.jpg 750w, https:\/\/katolicka-gimnazija.hr\/wp-content\/uploads\/2015\/09\/Nautes2-430x287.jpg 430w, https:\/\/katolicka-gimnazija.hr\/wp-content\/uploads\/2015\/09\/Nautes2-150x100.jpg 150w, https:\/\/katolicka-gimnazija.hr\/wp-content\/uploads\/2015\/09\/Nautes2-100x67.jpg 100w, https:\/\/katolicka-gimnazija.hr\/wp-content\/uploads\/2015\/09\/Nautes2.jpg 960w\" sizes=\"auto, (max-width: 300px) 100vw, 300px\" \/><\/a>\n\t\t\t<\/div><\/figure><figure class='gallery-item'>\n\t\t\t<div class='gallery-icon landscape'>\n\t\t\t\t<a href='https:\/\/katolicka-gimnazija.hr\/index.php\/aktivnosti\/novinarska-grupa\/nautes6\/'><img loading=\"lazy\" decoding=\"async\" width=\"300\" height=\"206\" src=\"https:\/\/katolicka-gimnazija.hr\/wp-content\/uploads\/2015\/09\/Nautes6-300x206.jpg\" class=\"attachment-medium size-medium\" alt=\"\" srcset=\"https:\/\/katolicka-gimnazija.hr\/wp-content\/uploads\/2015\/09\/Nautes6-300x206.jpg 300w, https:\/\/katolicka-gimnazija.hr\/wp-content\/uploads\/2015\/09\/Nautes6-768x528.jpg 768w, https:\/\/katolicka-gimnazija.hr\/wp-content\/uploads\/2015\/09\/Nautes6-400x275.jpg 400w, https:\/\/katolicka-gimnazija.hr\/wp-content\/uploads\/2015\/09\/Nautes6-360x248.jpg 360w, https:\/\/katolicka-gimnazija.hr\/wp-content\/uploads\/2015\/09\/Nautes6-750x516.jpg 750w, https:\/\/katolicka-gimnazija.hr\/wp-content\/uploads\/2015\/09\/Nautes6-430x296.jpg 430w, https:\/\/katolicka-gimnazija.hr\/wp-content\/uploads\/2015\/09\/Nautes6-150x103.jpg 150w, https:\/\/katolicka-gimnazija.hr\/wp-content\/uploads\/2015\/09\/Nautes6-100x69.jpg 100w, https:\/\/katolicka-gimnazija.hr\/wp-content\/uploads\/2015\/09\/Nautes6.jpg 960w\" sizes=\"auto, (max-width: 300px) 100vw, 300px\" \/><\/a>\n\t\t\t<\/div><\/figure><figure class='gallery-item'>\n\t\t\t<div class='gallery-icon landscape'>\n\t\t\t\t<a href='https:\/\/katolicka-gimnazija.hr\/index.php\/aktivnosti\/novinarska-grupa\/nautes4\/'><img loading=\"lazy\" decoding=\"async\" width=\"300\" height=\"200\" src=\"https:\/\/katolicka-gimnazija.hr\/wp-content\/uploads\/2015\/09\/Nautes4-300x200.jpg\" class=\"attachment-medium size-medium\" alt=\"\" srcset=\"https:\/\/katolicka-gimnazija.hr\/wp-content\/uploads\/2015\/09\/Nautes4-300x200.jpg 300w, https:\/\/katolicka-gimnazija.hr\/wp-content\/uploads\/2015\/09\/Nautes4-768x512.jpg 768w, https:\/\/katolicka-gimnazija.hr\/wp-content\/uploads\/2015\/09\/Nautes4-400x267.jpg 400w, https:\/\/katolicka-gimnazija.hr\/wp-content\/uploads\/2015\/09\/Nautes4-360x240.jpg 360w, https:\/\/katolicka-gimnazija.hr\/wp-content\/uploads\/2015\/09\/Nautes4-750x500.jpg 750w, https:\/\/katolicka-gimnazija.hr\/wp-content\/uploads\/2015\/09\/Nautes4-430x287.jpg 430w, https:\/\/katolicka-gimnazija.hr\/wp-content\/uploads\/2015\/09\/Nautes4-150x100.jpg 150w, https:\/\/katolicka-gimnazija.hr\/wp-content\/uploads\/2015\/09\/Nautes4-100x67.jpg 100w, https:\/\/katolicka-gimnazija.hr\/wp-content\/uploads\/2015\/09\/Nautes4.jpg 960w\" sizes=\"auto, (max-width: 300px) 100vw, 300px\" \/><\/a>\n\t\t\t<\/div><\/figure><figure class='gallery-item'>\n\t\t\t<div class='gallery-icon landscape'>\n\t\t\t\t<a href='https:\/\/katolicka-gimnazija.hr\/index.php\/aktivnosti\/novinarska-grupa\/naut\/'><img loading=\"lazy\" decoding=\"async\" width=\"300\" height=\"200\" src=\"https:\/\/katolicka-gimnazija.hr\/wp-content\/uploads\/2015\/09\/Naut-300x200.jpg\" class=\"attachment-medium size-medium\" alt=\"\" srcset=\"https:\/\/katolicka-gimnazija.hr\/wp-content\/uploads\/2015\/09\/Naut-300x200.jpg 300w, https:\/\/katolicka-gimnazija.hr\/wp-content\/uploads\/2015\/09\/Naut-768x512.jpg 768w, https:\/\/katolicka-gimnazija.hr\/wp-content\/uploads\/2015\/09\/Naut-400x267.jpg 400w, https:\/\/katolicka-gimnazija.hr\/wp-content\/uploads\/2015\/09\/Naut-360x240.jpg 360w, https:\/\/katolicka-gimnazija.hr\/wp-content\/uploads\/2015\/09\/Naut-750x500.jpg 750w, https:\/\/katolicka-gimnazija.hr\/wp-content\/uploads\/2015\/09\/Naut-430x287.jpg 430w, https:\/\/katolicka-gimnazija.hr\/wp-content\/uploads\/2015\/09\/Naut-150x100.jpg 150w, https:\/\/katolicka-gimnazija.hr\/wp-content\/uploads\/2015\/09\/Naut-100x67.jpg 100w, https:\/\/katolicka-gimnazija.hr\/wp-content\/uploads\/2015\/09\/Naut.jpg 960w\" sizes=\"auto, (max-width: 300px) 100vw, 300px\" \/><\/a>\n\t\t\t<\/div><\/figure><figure class='gallery-item'>\n\t\t\t<div class='gallery-icon landscape'>\n\t\t\t\t<a href='https:\/\/katolicka-gimnazija.hr\/index.php\/aktivnosti\/novinarska-grupa\/nautes\/'><img loading=\"lazy\" decoding=\"async\" width=\"300\" height=\"200\" src=\"https:\/\/katolicka-gimnazija.hr\/wp-content\/uploads\/2015\/09\/Nautes-300x200.jpg\" class=\"attachment-medium size-medium\" alt=\"\" srcset=\"https:\/\/katolicka-gimnazija.hr\/wp-content\/uploads\/2015\/09\/Nautes-300x200.jpg 300w, https:\/\/katolicka-gimnazija.hr\/wp-content\/uploads\/2015\/09\/Nautes-768x512.jpg 768w, https:\/\/katolicka-gimnazija.hr\/wp-content\/uploads\/2015\/09\/Nautes-400x267.jpg 400w, https:\/\/katolicka-gimnazija.hr\/wp-content\/uploads\/2015\/09\/Nautes-360x240.jpg 360w, https:\/\/katolicka-gimnazija.hr\/wp-content\/uploads\/2015\/09\/Nautes-750x500.jpg 750w, https:\/\/katolicka-gimnazija.hr\/wp-content\/uploads\/2015\/09\/Nautes-430x287.jpg 430w, https:\/\/katolicka-gimnazija.hr\/wp-content\/uploads\/2015\/09\/Nautes-150x100.jpg 150w, https:\/\/katolicka-gimnazija.hr\/wp-content\/uploads\/2015\/09\/Nautes-100x67.jpg 100w, https:\/\/katolicka-gimnazija.hr\/wp-content\/uploads\/2015\/09\/Nautes.jpg 960w\" sizes=\"auto, (max-width: 300px) 100vw, 300px\" \/><\/a>\n\t\t\t<\/div><\/figure><figure class='gallery-item'>\n\t\t\t<div class='gallery-icon landscape'>\n\t\t\t\t<a href='https:\/\/katolicka-gimnazija.hr\/index.php\/aktivnosti\/novinarska-grupa\/nautes7\/'><img loading=\"lazy\" decoding=\"async\" width=\"300\" height=\"199\" src=\"https:\/\/katolicka-gimnazija.hr\/wp-content\/uploads\/2015\/09\/Nautes7-300x199.jpg\" class=\"attachment-medium size-medium\" alt=\"\" srcset=\"https:\/\/katolicka-gimnazija.hr\/wp-content\/uploads\/2015\/09\/Nautes7-300x199.jpg 300w, https:\/\/katolicka-gimnazija.hr\/wp-content\/uploads\/2015\/09\/Nautes7-768x510.jpg 768w, https:\/\/katolicka-gimnazija.hr\/wp-content\/uploads\/2015\/09\/Nautes7-400x266.jpg 400w, https:\/\/katolicka-gimnazija.hr\/wp-content\/uploads\/2015\/09\/Nautes7-360x239.jpg 360w, https:\/\/katolicka-gimnazija.hr\/wp-content\/uploads\/2015\/09\/Nautes7-750x498.jpg 750w, https:\/\/katolicka-gimnazija.hr\/wp-content\/uploads\/2015\/09\/Nautes7-430x286.jpg 430w, https:\/\/katolicka-gimnazija.hr\/wp-content\/uploads\/2015\/09\/Nautes7-150x100.jpg 150w, https:\/\/katolicka-gimnazija.hr\/wp-content\/uploads\/2015\/09\/Nautes7-100x66.jpg 100w, https:\/\/katolicka-gimnazija.hr\/wp-content\/uploads\/2015\/09\/Nautes7.jpg 960w\" sizes=\"auto, (max-width: 300px) 100vw, 300px\" \/><\/a>\n\t\t\t<\/div><\/figure><figure class='gallery-item'>\n\t\t\t<div class='gallery-icon landscape'>\n\t\t\t\t<a href='https:\/\/katolicka-gimnazija.hr\/index.php\/aktivnosti\/novinarska-grupa\/novinarsak\/'><img loading=\"lazy\" decoding=\"async\" width=\"300\" height=\"200\" src=\"https:\/\/katolicka-gimnazija.hr\/wp-content\/uploads\/2015\/09\/Novinarsak-300x200.jpg\" class=\"attachment-medium size-medium\" alt=\"\" srcset=\"https:\/\/katolicka-gimnazija.hr\/wp-content\/uploads\/2015\/09\/Novinarsak-300x200.jpg 300w, https:\/\/katolicka-gimnazija.hr\/wp-content\/uploads\/2015\/09\/Novinarsak-768x512.jpg 768w, https:\/\/katolicka-gimnazija.hr\/wp-content\/uploads\/2015\/09\/Novinarsak-400x267.jpg 400w, https:\/\/katolicka-gimnazija.hr\/wp-content\/uploads\/2015\/09\/Novinarsak-360x240.jpg 360w, https:\/\/katolicka-gimnazija.hr\/wp-content\/uploads\/2015\/09\/Novinarsak-750x500.jpg 750w, https:\/\/katolicka-gimnazija.hr\/wp-content\/uploads\/2015\/09\/Novinarsak-430x287.jpg 430w, https:\/\/katolicka-gimnazija.hr\/wp-content\/uploads\/2015\/09\/Novinarsak-150x100.jpg 150w, https:\/\/katolicka-gimnazija.hr\/wp-content\/uploads\/2015\/09\/Novinarsak-100x67.jpg 100w, https:\/\/katolicka-gimnazija.hr\/wp-content\/uploads\/2015\/09\/Novinarsak.jpg 960w\" sizes=\"auto, (max-width: 300px) 100vw, 300px\" \/><\/a>\n\t\t\t<\/div><\/figure><figure class='gallery-item'>\n\t\t\t<div class='gallery-icon landscape'>\n\t\t\t\t<a href='https:\/\/katolicka-gimnazija.hr\/index.php\/aktivnosti\/novinarska-grupa\/novinaaarskaa\/'><img loading=\"lazy\" decoding=\"async\" width=\"300\" height=\"200\" src=\"https:\/\/katolicka-gimnazija.hr\/wp-content\/uploads\/2015\/09\/Novinaaarskaa-300x200.jpg\" class=\"attachment-medium size-medium\" alt=\"\" srcset=\"https:\/\/katolicka-gimnazija.hr\/wp-content\/uploads\/2015\/09\/Novinaaarskaa-300x200.jpg 300w, https:\/\/katolicka-gimnazija.hr\/wp-content\/uploads\/2015\/09\/Novinaaarskaa-768x512.jpg 768w, https:\/\/katolicka-gimnazija.hr\/wp-content\/uploads\/2015\/09\/Novinaaarskaa-400x267.jpg 400w, https:\/\/katolicka-gimnazija.hr\/wp-content\/uploads\/2015\/09\/Novinaaarskaa-360x240.jpg 360w, https:\/\/katolicka-gimnazija.hr\/wp-content\/uploads\/2015\/09\/Novinaaarskaa-750x500.jpg 750w, https:\/\/katolicka-gimnazija.hr\/wp-content\/uploads\/2015\/09\/Novinaaarskaa-430x287.jpg 430w, https:\/\/katolicka-gimnazija.hr\/wp-content\/uploads\/2015\/09\/Novinaaarskaa-150x100.jpg 150w, https:\/\/katolicka-gimnazija.hr\/wp-content\/uploads\/2015\/09\/Novinaaarskaa-100x67.jpg 100w, https:\/\/katolicka-gimnazija.hr\/wp-content\/uploads\/2015\/09\/Novinaaarskaa.jpg 960w\" sizes=\"auto, (max-width: 300px) 100vw, 300px\" \/><\/a>\n\t\t\t<\/div><\/figure><figure class='gallery-item'>\n\t\t\t<div class='gallery-icon landscape'>\n\t\t\t\t<a href='https:\/\/katolicka-gimnazija.hr\/index.php\/aktivnosti\/novinarska-grupa\/mautai-2\/'><img loading=\"lazy\" decoding=\"async\" width=\"300\" height=\"160\" src=\"https:\/\/katolicka-gimnazija.hr\/wp-content\/uploads\/2015\/09\/Mautai1-300x160.jpg\" class=\"attachment-medium size-medium\" alt=\"\" srcset=\"https:\/\/katolicka-gimnazija.hr\/wp-content\/uploads\/2015\/09\/Mautai1-300x160.jpg 300w, https:\/\/katolicka-gimnazija.hr\/wp-content\/uploads\/2015\/09\/Mautai1-400x213.jpg 400w, https:\/\/katolicka-gimnazija.hr\/wp-content\/uploads\/2015\/09\/Mautai1-360x192.jpg 360w, https:\/\/katolicka-gimnazija.hr\/wp-content\/uploads\/2015\/09\/Mautai1-430x229.jpg 430w, https:\/\/katolicka-gimnazija.hr\/wp-content\/uploads\/2015\/09\/Mautai1-150x80.jpg 150w, https:\/\/katolicka-gimnazija.hr\/wp-content\/uploads\/2015\/09\/Mautai1-100x53.jpg 100w, https:\/\/katolicka-gimnazija.hr\/wp-content\/uploads\/2015\/09\/Mautai1.jpg 716w\" sizes=\"auto, (max-width: 300px) 100vw, 300px\" \/><\/a>\n\t\t\t<\/div><\/figure><figure class='gallery-item'>\n\t\t\t<div class='gallery-icon landscape'>\n\t\t\t\t<a href='https:\/\/katolicka-gimnazija.hr\/index.php\/aktivnosti\/novinarska-grupa\/nautes5\/'><img loading=\"lazy\" decoding=\"async\" width=\"300\" height=\"212\" src=\"https:\/\/katolicka-gimnazija.hr\/wp-content\/uploads\/2015\/09\/Nautes5-300x212.jpg\" class=\"attachment-medium size-medium\" alt=\"\" srcset=\"https:\/\/katolicka-gimnazija.hr\/wp-content\/uploads\/2015\/09\/Nautes5-300x212.jpg 300w, https:\/\/katolicka-gimnazija.hr\/wp-content\/uploads\/2015\/09\/Nautes5-400x283.jpg 400w, https:\/\/katolicka-gimnazija.hr\/wp-content\/uploads\/2015\/09\/Nautes5-360x255.jpg 360w, https:\/\/katolicka-gimnazija.hr\/wp-content\/uploads\/2015\/09\/Nautes5-430x305.jpg 430w, https:\/\/katolicka-gimnazija.hr\/wp-content\/uploads\/2015\/09\/Nautes5-150x106.jpg 150w, https:\/\/katolicka-gimnazija.hr\/wp-content\/uploads\/2015\/09\/Nautes5-100x71.jpg 100w, https:\/\/katolicka-gimnazija.hr\/wp-content\/uploads\/2015\/09\/Nautes5.jpg 538w\" sizes=\"auto, (max-width: 300px) 100vw, 300px\" \/><\/a>\n\t\t\t<\/div><\/figure>\n\t\t<\/div>\n\n","protected":false},"excerpt":{"rendered":"<p>CILJ AKTIVNOSTI poticati u\u010deni\u010dko novinarsko stvarala\u0161tvo, osobito u\u010denike posebnih sklonosti, sposobnosti i kreativnosti (pisanje, grafi\u010dki dizajn, fotografija) pratiti, poticati i razvijati posebne publicisti\u010dke vrste (intervju, reporta\u017ea, crtica, feljton, kratka pri\u010da\u2026) informirati ostale u\u010denike i javnost o doga\u0111ajima u \u0161koli i izvan nje, sudjelovanje u ure\u0111enju mre\u017enih stranica \u0161kole tiskanje \u0161kolskog lista NAMJENA u\u010denici od 1. [&hellip;]<\/p>\n","protected":false},"author":1,"featured_media":15849,"parent":557,"menu_order":0,"comment_status":"closed","ping_status":"closed","template":"","meta":{"footnotes":""},"class_list":["post-561","page","type-page","status-publish","has-post-thumbnail","hentry"],"_links":{"self":[{"href":"https:\/\/katolicka-gimnazija.hr\/index.php\/wp-json\/wp\/v2\/pages\/561","targetHints":{"allow":["GET"]}}],"collection":[{"href":"https:\/\/katolicka-gimnazija.hr\/index.php\/wp-json\/wp\/v2\/pages"}],"about":[{"href":"https:\/\/katolicka-gimnazija.hr\/index.php\/wp-json\/wp\/v2\/types\/page"}],"author":[{"embeddable":true,"href":"https:\/\/katolicka-gimnazija.hr\/index.php\/wp-json\/wp\/v2\/users\/1"}],"replies":[{"embeddable":true,"href":"https:\/\/katolicka-gimnazija.hr\/index.php\/wp-json\/wp\/v2\/comments?post=561"}],"version-history":[{"count":4,"href":"https:\/\/katolicka-gimnazija.hr\/index.php\/wp-json\/wp\/v2\/pages\/561\/revisions"}],"predecessor-version":[{"id":15737,"href":"https:\/\/katolicka-gimnazija.hr\/index.php\/wp-json\/wp\/v2\/pages\/561\/revisions\/15737"}],"up":[{"embeddable":true,"href":"https:\/\/katolicka-gimnazija.hr\/index.php\/wp-json\/wp\/v2\/pages\/557"}],"wp:featuredmedia":[{"embeddable":true,"href":"https:\/\/katolicka-gimnazija.hr\/index.php\/wp-json\/wp\/v2\/media\/15849"}],"wp:attachment":[{"href":"https:\/\/katolicka-gimnazija.hr\/index.php\/wp-json\/wp\/v2\/media?parent=561"}],"curies":[{"name":"wp","href":"https:\/\/api.w.org\/{rel}","templated":true}]}}