{"id":565,"date":"2015-09-26T21:00:15","date_gmt":"2015-09-26T21:00:15","guid":{"rendered":"http:\/\/katolicka-gimnazija.hr\/?page_id=565"},"modified":"2019-03-11T23:06:06","modified_gmt":"2019-03-11T23:06:06","slug":"krug-kreativna-radionica-ucenika-gimnazije","status":"publish","type":"page","link":"https:\/\/katolicka-gimnazija.hr\/index.php\/aktivnosti\/krug-kreativna-radionica-ucenika-gimnazije\/","title":{"rendered":"KRUG &#8211; Kreativna radionica u\u010denika gimnazije"},"content":{"rendered":"<p><strong>CILJ AKTIVNOSTI<\/strong><\/p>\n<ul>\n<li>organizacija izlo\u017ebi koja poti\u010de kreativnost kod u\u010denika<\/li>\n<li>ure\u0111enje \u0161kole za odre\u0111ene va\u017ene datume i doga\u0111aje<\/li>\n<li>uspostava suradnje s drugim \u0161kolama<\/li>\n<li>suradnja s umjetnicima i institucijama grada<\/li>\n<\/ul>\n<p><strong>NAMJENA<\/strong><\/p>\n<ul>\n<li>za u\u010denike koji imaju potrebu za kreativnim izra\u017eavanjem, \u0161irenjem percepcije, osje\u0107aja za lijepo i korisno, te rad koji stvara atmosferu opu\u0161tenosti \u00a0i \u00a0ugode \u00a0u prostorima \u0161kole<\/li>\n<\/ul>\n<p><strong>NOSITELJI<\/strong><\/p>\n<ul>\n<li>voditeljica KRUGA: Vera \u0106u\u017ee-Abramovi\u0107, prof.<\/li>\n<\/ul>\n<p><strong>NA\u010cIN REALIZACIJE<\/strong><\/p>\n<ul>\n<li>susreti jednom tjedno u prostorima \u0161kole<\/li>\n<li>rad na tematskom projektu<\/li>\n<li>posjeti izlo\u017ebama<\/li>\n<li>u\u010denici se dogovaraju \u0161to \u0107e biti tema kojom \u0107emo se baviti cijelu \u0161kolsku godinu, nakon toga dogovaramo na\u010dine kako \u0107emo realizirati tu temu (prezentacije, istra\u017eivanja, fotografiranja, snimanja, sakupljanja predmeta i materijala,&#8230;)<\/li>\n<li>u suradnji s drugim \u0161kolama dogovaramo zajedni\u010dku izlo\u017ebu i posjet \u0161koli<\/li>\n<li>nastavak pro\u0161logodi\u0161njeg projekta \u201eKru\u017eimo gradom\u201c, dizajniranje i osmi\u0161ljavanjem suvenira Grada<\/li>\n<li>suradnja s O\u0160 \u201eA.Kani\u017eli\u0107a\u201c na projektu \u201eIgra\u010dke\u201c<\/li>\n<li>sudjelovanje u No\u0107i knjige Gradske knji\u017enice i \u010ditaonice na temu \u201eSvjetlost\u201c<\/li>\n<li>nastavak suradnje s Nata\u0161om Njegovanovi\u0107 i Studijem dizajna pri Arhitektonskom fakultretu u Zagrebu<\/li>\n<\/ul>\n<p><strong>VREMENIK AKTIVNOSTI<\/strong><\/p>\n<ul>\n<li>tijekom nastavne godine<\/li>\n<li>2 \u0161kolska sata tjedno<\/li>\n<li>70 sati godi\u0161nje<\/li>\n<li>rujan: o\u0161mi\u0161ljavanje programa i dogovaranje nove teme i novog projekta<\/li>\n<li>listopad: mjesec knjige i tema \u201eSvjetlost\u201c<\/li>\n<li>studeni: razrada dogovorene teme i rad na materijalima<\/li>\n<li>prosinac: rad na projektu \u201eIgra\u010dke\u201c, ure\u0111ivanje \u0161kole za Bo\u017ei\u0107<\/li>\n<li>sije\u010danj-o\u017eujak: rad na projektu<\/li>\n<li>travanj: ure\u0111enje \u0161kole za Uskrs<\/li>\n<li>svibanj: izlo\u017eba Krug-a<\/li>\n<\/ul>\n<div id='gallery-1' class='gallery galleryid-565 gallery-columns-3 gallery-size-medium'><figure class='gallery-item'>\n\t\t\t<div class='gallery-icon landscape'>\n\t\t\t\t<a href='https:\/\/katolicka-gimnazija.hr\/index.php\/aktivnosti\/krug-kreativna-radionica-ucenika-gimnazije\/k1-copy\/'><img loading=\"lazy\" decoding=\"async\" width=\"300\" height=\"200\" src=\"https:\/\/katolicka-gimnazija.hr\/wp-content\/uploads\/2015\/09\/k1-Copy-300x200.jpg\" class=\"attachment-medium size-medium\" alt=\"\" srcset=\"https:\/\/katolicka-gimnazija.hr\/wp-content\/uploads\/2015\/09\/k1-Copy-300x200.jpg 300w, https:\/\/katolicka-gimnazija.hr\/wp-content\/uploads\/2015\/09\/k1-Copy-768x512.jpg 768w, https:\/\/katolicka-gimnazija.hr\/wp-content\/uploads\/2015\/09\/k1-Copy-400x267.jpg 400w, https:\/\/katolicka-gimnazija.hr\/wp-content\/uploads\/2015\/09\/k1-Copy-360x240.jpg 360w, https:\/\/katolicka-gimnazija.hr\/wp-content\/uploads\/2015\/09\/k1-Copy-750x500.jpg 750w, https:\/\/katolicka-gimnazija.hr\/wp-content\/uploads\/2015\/09\/k1-Copy-430x287.jpg 430w, https:\/\/katolicka-gimnazija.hr\/wp-content\/uploads\/2015\/09\/k1-Copy-150x100.jpg 150w, https:\/\/katolicka-gimnazija.hr\/wp-content\/uploads\/2015\/09\/k1-Copy-100x67.jpg 100w, https:\/\/katolicka-gimnazija.hr\/wp-content\/uploads\/2015\/09\/k1-Copy.jpg 960w\" sizes=\"auto, (max-width: 300px) 100vw, 300px\" \/><\/a>\n\t\t\t<\/div><\/figure><figure class='gallery-item'>\n\t\t\t<div class='gallery-icon landscape'>\n\t\t\t\t<a href='https:\/\/katolicka-gimnazija.hr\/index.php\/aktivnosti\/krug-kreativna-radionica-ucenika-gimnazije\/k6-copy\/'><img loading=\"lazy\" decoding=\"async\" width=\"300\" height=\"200\" src=\"https:\/\/katolicka-gimnazija.hr\/wp-content\/uploads\/2015\/09\/k6-Copy-300x200.jpg\" class=\"attachment-medium size-medium\" alt=\"\" srcset=\"https:\/\/katolicka-gimnazija.hr\/wp-content\/uploads\/2015\/09\/k6-Copy-300x200.jpg 300w, https:\/\/katolicka-gimnazija.hr\/wp-content\/uploads\/2015\/09\/k6-Copy-768x512.jpg 768w, https:\/\/katolicka-gimnazija.hr\/wp-content\/uploads\/2015\/09\/k6-Copy-400x267.jpg 400w, https:\/\/katolicka-gimnazija.hr\/wp-content\/uploads\/2015\/09\/k6-Copy-360x240.jpg 360w, https:\/\/katolicka-gimnazija.hr\/wp-content\/uploads\/2015\/09\/k6-Copy-750x500.jpg 750w, https:\/\/katolicka-gimnazija.hr\/wp-content\/uploads\/2015\/09\/k6-Copy-430x287.jpg 430w, https:\/\/katolicka-gimnazija.hr\/wp-content\/uploads\/2015\/09\/k6-Copy-150x100.jpg 150w, https:\/\/katolicka-gimnazija.hr\/wp-content\/uploads\/2015\/09\/k6-Copy-100x67.jpg 100w, https:\/\/katolicka-gimnazija.hr\/wp-content\/uploads\/2015\/09\/k6-Copy.jpg 960w\" sizes=\"auto, (max-width: 300px) 100vw, 300px\" \/><\/a>\n\t\t\t<\/div><\/figure><figure class='gallery-item'>\n\t\t\t<div class='gallery-icon landscape'>\n\t\t\t\t<a href='https:\/\/katolicka-gimnazija.hr\/index.php\/aktivnosti\/krug-kreativna-radionica-ucenika-gimnazije\/k2-copy\/'><img loading=\"lazy\" decoding=\"async\" width=\"300\" height=\"200\" src=\"https:\/\/katolicka-gimnazija.hr\/wp-content\/uploads\/2015\/09\/k2-Copy-300x200.jpg\" class=\"attachment-medium size-medium\" alt=\"\" srcset=\"https:\/\/katolicka-gimnazija.hr\/wp-content\/uploads\/2015\/09\/k2-Copy-300x200.jpg 300w, https:\/\/katolicka-gimnazija.hr\/wp-content\/uploads\/2015\/09\/k2-Copy-768x512.jpg 768w, https:\/\/katolicka-gimnazija.hr\/wp-content\/uploads\/2015\/09\/k2-Copy-400x267.jpg 400w, https:\/\/katolicka-gimnazija.hr\/wp-content\/uploads\/2015\/09\/k2-Copy-360x240.jpg 360w, https:\/\/katolicka-gimnazija.hr\/wp-content\/uploads\/2015\/09\/k2-Copy-750x500.jpg 750w, https:\/\/katolicka-gimnazija.hr\/wp-content\/uploads\/2015\/09\/k2-Copy-430x287.jpg 430w, https:\/\/katolicka-gimnazija.hr\/wp-content\/uploads\/2015\/09\/k2-Copy-150x100.jpg 150w, https:\/\/katolicka-gimnazija.hr\/wp-content\/uploads\/2015\/09\/k2-Copy-100x67.jpg 100w, https:\/\/katolicka-gimnazija.hr\/wp-content\/uploads\/2015\/09\/k2-Copy.jpg 960w\" sizes=\"auto, (max-width: 300px) 100vw, 300px\" \/><\/a>\n\t\t\t<\/div><\/figure><figure class='gallery-item'>\n\t\t\t<div class='gallery-icon landscape'>\n\t\t\t\t<a href='https:\/\/katolicka-gimnazija.hr\/index.php\/aktivnosti\/krug-kreativna-radionica-ucenika-gimnazije\/k8-copy\/'><img loading=\"lazy\" decoding=\"async\" width=\"300\" height=\"200\" src=\"https:\/\/katolicka-gimnazija.hr\/wp-content\/uploads\/2015\/09\/k8-Copy-300x200.jpg\" class=\"attachment-medium size-medium\" alt=\"\" srcset=\"https:\/\/katolicka-gimnazija.hr\/wp-content\/uploads\/2015\/09\/k8-Copy-300x200.jpg 300w, https:\/\/katolicka-gimnazija.hr\/wp-content\/uploads\/2015\/09\/k8-Copy-768x512.jpg 768w, https:\/\/katolicka-gimnazija.hr\/wp-content\/uploads\/2015\/09\/k8-Copy-400x267.jpg 400w, https:\/\/katolicka-gimnazija.hr\/wp-content\/uploads\/2015\/09\/k8-Copy-360x240.jpg 360w, https:\/\/katolicka-gimnazija.hr\/wp-content\/uploads\/2015\/09\/k8-Copy-750x500.jpg 750w, https:\/\/katolicka-gimnazija.hr\/wp-content\/uploads\/2015\/09\/k8-Copy-430x287.jpg 430w, https:\/\/katolicka-gimnazija.hr\/wp-content\/uploads\/2015\/09\/k8-Copy-150x100.jpg 150w, https:\/\/katolicka-gimnazija.hr\/wp-content\/uploads\/2015\/09\/k8-Copy-100x67.jpg 100w, https:\/\/katolicka-gimnazija.hr\/wp-content\/uploads\/2015\/09\/k8-Copy.jpg 960w\" sizes=\"auto, (max-width: 300px) 100vw, 300px\" \/><\/a>\n\t\t\t<\/div><\/figure><figure class='gallery-item'>\n\t\t\t<div class='gallery-icon landscape'>\n\t\t\t\t<a href='https:\/\/katolicka-gimnazija.hr\/index.php\/aktivnosti\/krug-kreativna-radionica-ucenika-gimnazije\/k4-copy\/'><img loading=\"lazy\" decoding=\"async\" width=\"300\" height=\"200\" src=\"https:\/\/katolicka-gimnazija.hr\/wp-content\/uploads\/2015\/09\/k4-Copy-300x200.jpg\" class=\"attachment-medium size-medium\" alt=\"\" srcset=\"https:\/\/katolicka-gimnazija.hr\/wp-content\/uploads\/2015\/09\/k4-Copy-300x200.jpg 300w, https:\/\/katolicka-gimnazija.hr\/wp-content\/uploads\/2015\/09\/k4-Copy-768x512.jpg 768w, https:\/\/katolicka-gimnazija.hr\/wp-content\/uploads\/2015\/09\/k4-Copy-400x267.jpg 400w, https:\/\/katolicka-gimnazija.hr\/wp-content\/uploads\/2015\/09\/k4-Copy-360x240.jpg 360w, https:\/\/katolicka-gimnazija.hr\/wp-content\/uploads\/2015\/09\/k4-Copy-750x500.jpg 750w, https:\/\/katolicka-gimnazija.hr\/wp-content\/uploads\/2015\/09\/k4-Copy-430x287.jpg 430w, https:\/\/katolicka-gimnazija.hr\/wp-content\/uploads\/2015\/09\/k4-Copy-150x100.jpg 150w, https:\/\/katolicka-gimnazija.hr\/wp-content\/uploads\/2015\/09\/k4-Copy-100x67.jpg 100w, https:\/\/katolicka-gimnazija.hr\/wp-content\/uploads\/2015\/09\/k4-Copy.jpg 960w\" sizes=\"auto, (max-width: 300px) 100vw, 300px\" \/><\/a>\n\t\t\t<\/div><\/figure><figure class='gallery-item'>\n\t\t\t<div class='gallery-icon portrait'>\n\t\t\t\t<a href='https:\/\/katolicka-gimnazija.hr\/index.php\/aktivnosti\/krug-kreativna-radionica-ucenika-gimnazije\/k12-copy\/'><img loading=\"lazy\" decoding=\"async\" width=\"200\" height=\"300\" src=\"https:\/\/katolicka-gimnazija.hr\/wp-content\/uploads\/2015\/09\/k12-Copy-200x300.jpg\" class=\"attachment-medium size-medium\" alt=\"\" srcset=\"https:\/\/katolicka-gimnazija.hr\/wp-content\/uploads\/2015\/09\/k12-Copy-200x300.jpg 200w, https:\/\/katolicka-gimnazija.hr\/wp-content\/uploads\/2015\/09\/k12-Copy-360x540.jpg 360w, https:\/\/katolicka-gimnazija.hr\/wp-content\/uploads\/2015\/09\/k12-Copy-400x600.jpg 400w, https:\/\/katolicka-gimnazija.hr\/wp-content\/uploads\/2015\/09\/k12-Copy-430x645.jpg 430w, https:\/\/katolicka-gimnazija.hr\/wp-content\/uploads\/2015\/09\/k12-Copy-150x225.jpg 150w, https:\/\/katolicka-gimnazija.hr\/wp-content\/uploads\/2015\/09\/k12-Copy-100x150.jpg 100w, https:\/\/katolicka-gimnazija.hr\/wp-content\/uploads\/2015\/09\/k12-Copy.jpg 640w\" sizes=\"auto, (max-width: 200px) 100vw, 200px\" \/><\/a>\n\t\t\t<\/div><\/figure><figure class='gallery-item'>\n\t\t\t<div class='gallery-icon landscape'>\n\t\t\t\t<a href='https:\/\/katolicka-gimnazija.hr\/index.php\/aktivnosti\/krug-kreativna-radionica-ucenika-gimnazije\/k7-copy\/'><img loading=\"lazy\" decoding=\"async\" width=\"300\" height=\"200\" src=\"https:\/\/katolicka-gimnazija.hr\/wp-content\/uploads\/2015\/09\/k7-Copy-300x200.jpg\" class=\"attachment-medium size-medium\" alt=\"\" srcset=\"https:\/\/katolicka-gimnazija.hr\/wp-content\/uploads\/2015\/09\/k7-Copy-300x200.jpg 300w, https:\/\/katolicka-gimnazija.hr\/wp-content\/uploads\/2015\/09\/k7-Copy-768x512.jpg 768w, https:\/\/katolicka-gimnazija.hr\/wp-content\/uploads\/2015\/09\/k7-Copy-400x267.jpg 400w, https:\/\/katolicka-gimnazija.hr\/wp-content\/uploads\/2015\/09\/k7-Copy-360x240.jpg 360w, https:\/\/katolicka-gimnazija.hr\/wp-content\/uploads\/2015\/09\/k7-Copy-750x500.jpg 750w, https:\/\/katolicka-gimnazija.hr\/wp-content\/uploads\/2015\/09\/k7-Copy-430x287.jpg 430w, https:\/\/katolicka-gimnazija.hr\/wp-content\/uploads\/2015\/09\/k7-Copy-150x100.jpg 150w, https:\/\/katolicka-gimnazija.hr\/wp-content\/uploads\/2015\/09\/k7-Copy-100x67.jpg 100w, https:\/\/katolicka-gimnazija.hr\/wp-content\/uploads\/2015\/09\/k7-Copy.jpg 960w\" sizes=\"auto, (max-width: 300px) 100vw, 300px\" \/><\/a>\n\t\t\t<\/div><\/figure>\n\t\t<\/div>\n\n","protected":false},"excerpt":{"rendered":"<p>CILJ AKTIVNOSTI organizacija izlo\u017ebi koja poti\u010de kreativnost kod u\u010denika ure\u0111enje \u0161kole za odre\u0111ene va\u017ene datume i doga\u0111aje uspostava suradnje s drugim \u0161kolama suradnja s umjetnicima i institucijama grada NAMJENA za u\u010denike koji imaju potrebu za kreativnim izra\u017eavanjem, \u0161irenjem percepcije, osje\u0107aja za lijepo i korisno, te rad koji stvara atmosferu opu\u0161tenosti \u00a0i \u00a0ugode \u00a0u prostorima \u0161kole [&hellip;]<\/p>\n","protected":false},"author":1,"featured_media":15894,"parent":557,"menu_order":0,"comment_status":"closed","ping_status":"closed","template":"","meta":{"footnotes":""},"class_list":["post-565","page","type-page","status-publish","has-post-thumbnail","hentry"],"_links":{"self":[{"href":"https:\/\/katolicka-gimnazija.hr\/index.php\/wp-json\/wp\/v2\/pages\/565","targetHints":{"allow":["GET"]}}],"collection":[{"href":"https:\/\/katolicka-gimnazija.hr\/index.php\/wp-json\/wp\/v2\/pages"}],"about":[{"href":"https:\/\/katolicka-gimnazija.hr\/index.php\/wp-json\/wp\/v2\/types\/page"}],"author":[{"embeddable":true,"href":"https:\/\/katolicka-gimnazija.hr\/index.php\/wp-json\/wp\/v2\/users\/1"}],"replies":[{"embeddable":true,"href":"https:\/\/katolicka-gimnazija.hr\/index.php\/wp-json\/wp\/v2\/comments?post=565"}],"version-history":[{"count":3,"href":"https:\/\/katolicka-gimnazija.hr\/index.php\/wp-json\/wp\/v2\/pages\/565\/revisions"}],"predecessor-version":[{"id":1834,"href":"https:\/\/katolicka-gimnazija.hr\/index.php\/wp-json\/wp\/v2\/pages\/565\/revisions\/1834"}],"up":[{"embeddable":true,"href":"https:\/\/katolicka-gimnazija.hr\/index.php\/wp-json\/wp\/v2\/pages\/557"}],"wp:featuredmedia":[{"embeddable":true,"href":"https:\/\/katolicka-gimnazija.hr\/index.php\/wp-json\/wp\/v2\/media\/15894"}],"wp:attachment":[{"href":"https:\/\/katolicka-gimnazija.hr\/index.php\/wp-json\/wp\/v2\/media?parent=565"}],"curies":[{"name":"wp","href":"https:\/\/api.w.org\/{rel}","templated":true}]}}