{"id":6,"date":"2015-09-03T20:53:51","date_gmt":"2015-09-03T20:53:51","guid":{"rendered":"http:\/\/katolicka-gimnazija.hr\/?page_id=6"},"modified":"2015-09-03T20:53:51","modified_gmt":"2015-09-03T20:53:51","slug":"o-skoli","status":"publish","type":"page","link":"https:\/\/katolicka-gimnazija.hr\/index.php\/o-skoli\/","title":{"rendered":"O \u0161koli"},"content":{"rendered":"<p>Katoli\u010dka gimnazija u okviru srednjo\u0161kolskog sustava osposobljava mladog \u010dovjeka razumjeti dana\u0161nje dru\u0161tvo i njegova previranja.<\/p>\n<p>Va\u017enost klasi\u010dne gimnazije je da \u0161irom humanisti\u010dkom naobrazbom pru\u017ea mogu\u0107nost upoznavanja kr\u0161\u0107anske, rimske i gr\u010dke civilizacije kao temelja europske kulture te doprinosi razumijevanju kr\u0161\u0107anstva i humanizma kao op\u0107eeuropskih vrijednosti.<\/p>\n<p>Poseban naglasak imaju predmeti: vjeronauk, latinski i gr\u010dki jezik.<\/p>\n<p>Vjeronauk je va\u017ean zbog vjerskog karaktera \u0161kole u kojem vlada posebno ozra\u010dje me\u0111usobnog odnosa i odnosa prema predmetima u evan\u0111eoskom duhu.<\/p>\n<p>Latinski jezik je osnova ostalim europskim jezicima, a bio je i stoljetni slu\u017ebeni jezik hrvatske pro\u0161losti pa \u0107e se iz tog razloga posebno njegovati.<\/p>\n<p>Gr\u010dki jezik je tako\u0111er bitan jer uz latinski jezik daje jednu drugu dimenziju klasi\u010dne naobrazbe, svojstvene na\u0161oj \u0161koli.<\/p>\n<p>Svaki polaznik gimnazije stje\u010du\u0107i op\u0107u i klasi\u010dnu naobrazbu, mo\u017ee nastaviti svoju izobrazbu bilo u prirodnim ili dru\u0161tvenim znanostima. Kao i sve gimnazije, i na\u0161a katoli\u010dka daje naj\u0161iru op\u0107u naobrazbu u hrvatskom srednjem \u0161kolstvu, ali se razlikuje od drugih u jednoj to\u010dki \u2013 povezana je s Evan\u0111eljem iz kojeg crpi nadahnu\u0107e i snagu.<\/p>\n<p>Katoli\u010dka gimnazija s pravom javnosti u Po\u017eegi je privatna srednja \u0161kola s pravom javnosti koja ima program redovnog obrazovanja, program op\u0107e i klasi\u010dne gimnazije.<\/p>\n","protected":false},"excerpt":{"rendered":"<p>Katoli\u010dka gimnazija u okviru srednjo\u0161kolskog sustava osposobljava mladog \u010dovjeka razumjeti dana\u0161nje dru\u0161tvo i njegova previranja. Va\u017enost klasi\u010dne gimnazije je da \u0161irom humanisti\u010dkom naobrazbom pru\u017ea mogu\u0107nost upoznavanja kr\u0161\u0107anske, rimske i gr\u010dke civilizacije kao temelja europske kulture te doprinosi razumijevanju kr\u0161\u0107anstva i humanizma kao op\u0107eeuropskih vrijednosti. Poseban naglasak imaju predmeti: vjeronauk, latinski i gr\u010dki jezik. Vjeronauk je [&hellip;]<\/p>\n","protected":false},"author":1,"featured_media":0,"parent":0,"menu_order":0,"comment_status":"closed","ping_status":"closed","template":"","meta":{"footnotes":""},"class_list":["post-6","page","type-page","status-publish","hentry"],"_links":{"self":[{"href":"https:\/\/katolicka-gimnazija.hr\/index.php\/wp-json\/wp\/v2\/pages\/6","targetHints":{"allow":["GET"]}}],"collection":[{"href":"https:\/\/katolicka-gimnazija.hr\/index.php\/wp-json\/wp\/v2\/pages"}],"about":[{"href":"https:\/\/katolicka-gimnazija.hr\/index.php\/wp-json\/wp\/v2\/types\/page"}],"author":[{"embeddable":true,"href":"https:\/\/katolicka-gimnazija.hr\/index.php\/wp-json\/wp\/v2\/users\/1"}],"replies":[{"embeddable":true,"href":"https:\/\/katolicka-gimnazija.hr\/index.php\/wp-json\/wp\/v2\/comments?post=6"}],"version-history":[{"count":1,"href":"https:\/\/katolicka-gimnazija.hr\/index.php\/wp-json\/wp\/v2\/pages\/6\/revisions"}],"predecessor-version":[{"id":7,"href":"https:\/\/katolicka-gimnazija.hr\/index.php\/wp-json\/wp\/v2\/pages\/6\/revisions\/7"}],"wp:attachment":[{"href":"https:\/\/katolicka-gimnazija.hr\/index.php\/wp-json\/wp\/v2\/media?parent=6"}],"curies":[{"name":"wp","href":"https:\/\/api.w.org\/{rel}","templated":true}]}}