{"id":6526,"date":"2022-09-09T21:13:18","date_gmt":"2022-09-09T21:13:18","guid":{"rendered":"http:\/\/katolicka-gimnazija.hr\/?page_id=6526"},"modified":"2022-10-06T11:38:43","modified_gmt":"2022-10-06T11:38:43","slug":"duhovnik-skole","status":"publish","type":"page","link":"https:\/\/katolicka-gimnazija.hr\/index.php\/o-skoli\/duhovnik-skole\/","title":{"rendered":"Duhovnik \u0161kole"},"content":{"rendered":"<p>Budu\u0107i da je va\u017ena dostupnost duhovnika \u0161kole u\u010denicima tijekom svakodnevnog rada i susreta u \u0161koli, <a href=\"http:\/\/katolicka-gimnazija.hr\/wp-content\/uploads\/2022\/10\/dokoza.jpeg.png\"><img loading=\"lazy\" decoding=\"async\" class=\"size-medium wp-image-26650 alignright\" src=\"http:\/\/katolicka-gimnazija.hr\/wp-content\/uploads\/2022\/10\/dokoza.jpeg-300x300.png\" alt=\"\" width=\"300\" height=\"300\" srcset=\"https:\/\/katolicka-gimnazija.hr\/wp-content\/uploads\/2022\/10\/dokoza.jpeg-300x300.png 300w, https:\/\/katolicka-gimnazija.hr\/wp-content\/uploads\/2022\/10\/dokoza.jpeg-150x150.png 150w, https:\/\/katolicka-gimnazija.hr\/wp-content\/uploads\/2022\/10\/dokoza.jpeg-768x768.png 768w, https:\/\/katolicka-gimnazija.hr\/wp-content\/uploads\/2022\/10\/dokoza.jpeg.png 891w\" sizes=\"auto, (max-width: 300px) 100vw, 300px\" \/><\/a>vl\u010d. Tomislav Dokoza je utorkom (8:50 &#8211; 9:35), srijedom (10:45 &#8211; 11:30) i \u010detvrtkom (10:45 &#8211; 11:30) na raspolaganju u\u010denicima za duhovni razgovor i ispovijed.<\/p>\n<p>U slu\u010daju posebnih potreba i osobnog dogovora, u\u010denici, roditelji ili djelatnici \u0161kole mogu dogovoriti susret s vl\u010d. Dokozom i izvan \u0161kole i izvan nastave.<\/p>\n<p>Osim navedenoga, duhovnik \u0161kole organizira i predvodi duhovne obnove za u\u010denike i djelatnike \u0161kole u do\u0161a\u0161\u0107u i korizmi, predvodi i poti\u010de u\u010denike za sudjelovanje na duhovnim doga\u0111ajima na razini biskupije i \u017eupe na \u010dijem podru\u010dju se \u0161kola nalazi.<\/p>\n<hr \/>\n<p><strong>Kontaktiraj\u00a0duhovnika<\/strong><\/p>\n<p>tomislav.dokoza@yahoo.com<\/p>\n","protected":false},"excerpt":{"rendered":"<p>Budu\u0107i da je va\u017ena dostupnost duhovnika \u0161kole u\u010denicima tijekom svakodnevnog rada i susreta u \u0161koli, vl\u010d. Tomislav Dokoza je utorkom (8:50 &#8211; 9:35), srijedom (10:45 &#8211; 11:30) i \u010detvrtkom (10:45 &#8211; 11:30) na raspolaganju u\u010denicima za duhovni razgovor i ispovijed. U slu\u010daju posebnih potreba i osobnog dogovora, u\u010denici, roditelji ili djelatnici \u0161kole mogu dogovoriti susret [&hellip;]<\/p>\n","protected":false},"author":1,"featured_media":0,"parent":6,"menu_order":0,"comment_status":"closed","ping_status":"closed","template":"","meta":{"footnotes":""},"class_list":["post-6526","page","type-page","status-publish","hentry"],"_links":{"self":[{"href":"https:\/\/katolicka-gimnazija.hr\/index.php\/wp-json\/wp\/v2\/pages\/6526","targetHints":{"allow":["GET"]}}],"collection":[{"href":"https:\/\/katolicka-gimnazija.hr\/index.php\/wp-json\/wp\/v2\/pages"}],"about":[{"href":"https:\/\/katolicka-gimnazija.hr\/index.php\/wp-json\/wp\/v2\/types\/page"}],"author":[{"embeddable":true,"href":"https:\/\/katolicka-gimnazija.hr\/index.php\/wp-json\/wp\/v2\/users\/1"}],"replies":[{"embeddable":true,"href":"https:\/\/katolicka-gimnazija.hr\/index.php\/wp-json\/wp\/v2\/comments?post=6526"}],"version-history":[{"count":10,"href":"https:\/\/katolicka-gimnazija.hr\/index.php\/wp-json\/wp\/v2\/pages\/6526\/revisions"}],"predecessor-version":[{"id":26702,"href":"https:\/\/katolicka-gimnazija.hr\/index.php\/wp-json\/wp\/v2\/pages\/6526\/revisions\/26702"}],"up":[{"embeddable":true,"href":"https:\/\/katolicka-gimnazija.hr\/index.php\/wp-json\/wp\/v2\/pages\/6"}],"wp:attachment":[{"href":"https:\/\/katolicka-gimnazija.hr\/index.php\/wp-json\/wp\/v2\/media?parent=6526"}],"curies":[{"name":"wp","href":"https:\/\/api.w.org\/{rel}","templated":true}]}}